{"id":444,"date":"2019-05-20T12:37:42","date_gmt":"2019-05-20T12:37:42","guid":{"rendered":"http:\/\/www.etchiboy.com\/fr\/?page_id=444"},"modified":"2019-09-25T22:09:46","modified_gmt":"2019-09-25T22:09:46","slug":"lhistoire-de-la-ceinture-flechee","status":"publish","type":"page","link":"https:\/\/www.etchiboy.com\/fr\/lhistoire-de-la-ceinture-flechee\/","title":{"rendered":"L\u2019histoire de la ceinture flech\u00e9e"},"content":{"rendered":"<p><strong>La ceinture fl\u00e9ch\u00e9e\u00a0ou la plurifonctionnalit\u00e9 de la laine tiss\u00e9e<\/strong><\/p>\n<p>L\u2019histoire n\u2019a toujours pas r\u00e9ussi \u00e0 s\u2019accorder sur une origine exclusive de la ceinture fl\u00e9ch\u00e9e. Malgr\u00e9 cela, on peut soutenir sans aucun doute que depuis ses origines, la laine tiss\u00e9e continue de jouer des r\u00f4les divers \u00e0 travers chaque g\u00e9n\u00e9ration!<\/p>\n<p>La ceinture fl\u00e9ch\u00e9e avait un r\u00f4le pratique au d\u00e9part dans la traite des fourrures. Au 18<sup>e<\/sup> si\u00e8cle en Nouvelle France, les populations autochtones l\u2019ont, non seulement adopt\u00e9e, mais elles ont apport\u00e9 des innovations dans la technique de \u00a0tressage \u00a0aux doigts avec des couleurs plus vives. Les voyageurs pouvaient \u00e9changer leurs fourrures contre la ceinture rouge produite par la Compagnie de la Baie d\u2019Hudson et d\u2019autres compagnie. Sur quelques d\u00e9cennies qui ont suivi, ce sera la ceinture la plus en vogue.<\/p>\n<p>En 1796, on entend parler pour une premi\u00e8re fois de la ceinture de l\u2019Assomption gr\u00e2ce \u00e0 une commande d\u2019un commis de la Baie d\u2019Hudson. Jusqu\u2019en 1850, l\u2019Assomption sera la ceinture la plus voulu avant d\u2019\u00eatre remplac\u00e9e par la Coventry suite au conflit entre la Compagnie de la Baie d\u2019Hudson et les femmes de l\u2019Assomption. La ceinture Coventry valait le dixi\u00e8me du prix original de l\u2019Assomption qui va d\u2019ailleurs influencer toutes les autres futures de ceinture fl\u00e9ch\u00e9e.<\/p>\n<p>En 1955, la production a \u00e9t\u00e9 purement industrielle pour la ceinture du Carnaval de Qu\u00e9bec. Un peu plus de 50 ans en avant, il y a eu comme un d\u00e9clin de la ceinture fl\u00e9ch\u00e9e mais depuis les ann\u00e9es 2000, on peut parler d\u2019une renaissance de la nation m\u00e9tis. La ceinture fl\u00e9ch\u00e9e est un \u00e9l\u00e9ment identitaire pour plusieurs cat\u00e9gories de populations dont les M\u00e9tis et les Canadiens-Fran\u00e7ais en particulier. Depuis plus d\u2019une d\u00e9cennie, la compagnie \u00c9tchiboy offre sur le march\u00e9 des ceintures fl\u00e9ch\u00e9es.<\/p>\n","protected":false},"excerpt":{"rendered":"<p>La ceinture fl\u00e9ch\u00e9e\u00a0ou la plurifonctionnalit\u00e9 de la laine tiss\u00e9e L\u2019histoire n\u2019a toujours pas r\u00e9ussi \u00e0 s\u2019accorder sur une origine exclusive de la ceinture fl\u00e9ch\u00e9e. Malgr\u00e9 cela, on peut soutenir sans aucun doute que depuis ses origines, la laine tiss\u00e9e continue de jouer des r\u00f4les divers \u00e0 travers chaque g\u00e9n\u00e9ration! La ceinture fl\u00e9ch\u00e9e avait un r\u00f4le [&hellip;]<\/p>\n","protected":false},"author":1,"featured_media":0,"parent":0,"menu_order":0,"comment_status":"closed","ping_status":"closed","template":"","meta":{"url":"","client":"","location":"","start_date":"","end_date":"","ngg_post_thumbnail":0},"_links":{"self":[{"href":"https:\/\/www.etchiboy.com\/fr\/wp-json\/wp\/v2\/pages\/444"}],"collection":[{"href":"https:\/\/www.etchiboy.com\/fr\/wp-json\/wp\/v2\/pages"}],"about":[{"href":"https:\/\/www.etchiboy.com\/fr\/wp-json\/wp\/v2\/types\/page"}],"author":[{"embeddable":true,"href":"https:\/\/www.etchiboy.com\/fr\/wp-json\/wp\/v2\/users\/1"}],"replies":[{"embeddable":true,"href":"https:\/\/www.etchiboy.com\/fr\/wp-json\/wp\/v2\/comments?post=444"}],"version-history":[{"count":3,"href":"https:\/\/www.etchiboy.com\/fr\/wp-json\/wp\/v2\/pages\/444\/revisions"}],"predecessor-version":[{"id":460,"href":"https:\/\/www.etchiboy.com\/fr\/wp-json\/wp\/v2\/pages\/444\/revisions\/460"}],"wp:attachment":[{"href":"https:\/\/www.etchiboy.com\/fr\/wp-json\/wp\/v2\/media?parent=444"}],"curies":[{"name":"wp","href":"https:\/\/api.w.org\/{rel}","templated":true}]}}