{"id":317,"date":"2015-04-26T22:39:06","date_gmt":"2015-04-26T22:39:06","guid":{"rendered":"http:\/\/www.etchiboy.com\/fr\/?page_id=317"},"modified":"2015-04-26T22:51:51","modified_gmt":"2015-04-26T22:51:51","slug":"cest-un-petit-monde","status":"publish","type":"page","link":"https:\/\/www.etchiboy.com\/fr\/cest-un-petit-monde\/","title":{"rendered":"C&#8217;est un petit monde"},"content":{"rendered":"<div id=\"pl-317\"  class=\"panel-layout\" ><div id=\"pg-317-0\"  class=\"panel-grid panel-no-style\" ><div id=\"pgc-317-0-0\"  class=\"panel-grid-cell\" >          <div id=\"panel-317-0-0-0\" class=\"textaligncenter so-panel widget widget_klasik-text-widget widget_klasik_text panel-first-child panel-last-child\" data-index=\"0\" ><div class=\"all-widget-container  fullwidth\" style=\"  \"><div class=\"opacity\" style=\"\"><div class=\"all-widget-wrapper\" style=\"\"><div class=\"klasik-text-widget-wrapper\"  style=\"\"><h3 class=\"widget-title\">C&#039;est un petit monde!<span class=\"widget-subtitle-wrap\"><span class=\"widget-subtitle\">Texte de Raymond Poirier<\/span><span class=\"line\"><\/span><\/span><span class=\"line-wrap\"><span class=\"line\"><\/span><\/span><\/h3>\t\t\t\t<div class=\"text-block \">\r\n\t\t\t\t                 <\/div>\r\n          \t<div class=\"clear\"><\/div><\/div><div class=\"clear\"><\/div><\/div><div class=\"clear\"><\/div><\/div><div class=\"clear\"><\/div><\/div><\/div>        <\/div><\/div><div id=\"pg-317-1\"  class=\"panel-grid panel-no-style\" ><div id=\"pgc-317-1-0\"  class=\"panel-grid-cell\" >          <div id=\"panel-317-1-0-0\" class=\"textalignleft so-panel widget widget_klasik-text-widget widget_klasik_text panel-first-child panel-last-child\" data-index=\"1\" ><div class=\"all-widget-container  fullwidth\" style=\"  \"><div class=\"opacity\" style=\"\"><div class=\"all-widget-wrapper\" style=\"\"><div class=\"klasik-text-widget-wrapper\"  style=\"\">\t\t\t\t<div class=\"text-block \">\r\n\t\t\t\t<p>Qui aurait pens\u00e9 qu'un groupe de Manitobains en mission au P\u00e9rou aboutirait dans un mini-atelier de fabrication de produits \u00e0 base de laine de llama et de mouton pour acheter des souvenirs qui ont \u00e9t\u00e9 tiss\u00e9s sur des m\u00e9tiers qui existent gr\u00e1ce \u00e0 l'intervention d'un jeune manitobain? C'est pourtant ce qui nous est est arriv\u00e9 jeudi le 3 mars \u00e0 quelques 7 000 km de Winnipeg.<\/p>\n<p>Gr\u00e2ce \u00e0 un superbe travail de coordination de la part de Norbert Ritchot, il fut possible pour une bonne partie du groupe RRMRR (16 personnes) de se rendre dans une banlieue pauvre de Cusco au P\u00e9rou pour visiter l'endroit d'o\u00f9 parviennent les produits vendus par la soci\u00e9t\u00e9 manitobaine \u00c9tchiboy appartenue par Miguel Vielfaure de La Broquerie.<\/p>\n                 <\/div>\r\n          \t<div class=\"clear\"><\/div><\/div><div class=\"clear\"><\/div><\/div><div class=\"clear\"><\/div><\/div><div class=\"clear\"><\/div><\/div><\/div>        <\/div><div id=\"pgc-317-1-1\"  class=\"panel-grid-cell\" ><div id=\"panel-317-1-1-0\" class=\"so-panel widget widget_sow-image panel-first-child panel-last-child\" data-index=\"2\" ><div\n\t\t\t\n\t\t\tclass=\"so-widget-sow-image so-widget-sow-image-default-8b5b6f678277-317\"\n\t\t\t\n\t\t>\n\n<div class=\"sow-image-container\">\n\t\t\t<a href=\"http:\/\/www.etchiboy.com\/images\/Raymond1.JPG\"\n\t\t\ttarget=\"_blank\" rel=\"noopener noreferrer\" \t\t>\n\t\t\t<img src=\"https:\/\/www.etchiboy.com\/fr\/wp-content\/uploads\/2015\/04\/Raymond1-petit1.jpg\" width=\"320\" height=\"240\" srcset=\"https:\/\/www.etchiboy.com\/fr\/wp-content\/uploads\/2015\/04\/Raymond1-petit1.jpg 320w, https:\/\/www.etchiboy.com\/fr\/wp-content\/uploads\/2015\/04\/Raymond1-petit1-300x225.jpg 300w\" sizes=\"(max-width: 320px) 100vw, 320px\" title=\"Raymond1-petit\" alt=\"\" loading=\"lazy\" \t\tclass=\"so-widget-image\"\/>\n\t<\/a><\/div>\n\n<\/div><\/div><\/div><\/div><div id=\"pg-317-2\"  class=\"panel-grid panel-no-style\" ><div id=\"pgc-317-2-0\"  class=\"panel-grid-cell\" ><div id=\"panel-317-2-0-0\" class=\"so-panel widget widget_sow-image panel-first-child panel-last-child\" data-index=\"3\" ><div\n\t\t\t\n\t\t\tclass=\"so-widget-sow-image so-widget-sow-image-default-8b5b6f678277-317\"\n\t\t\t\n\t\t>\n\n<div class=\"sow-image-container\">\n\t\t\t<a href=\"http:\/\/www.etchiboy.com\/images\/Raymond2.JPG\"\n\t\t\ttarget=\"_blank\" rel=\"noopener noreferrer\" \t\t>\n\t\t\t<img src=\"https:\/\/www.etchiboy.com\/fr\/wp-content\/uploads\/2015\/04\/Raymond2-petit.jpg\" width=\"320\" height=\"179\" srcset=\"https:\/\/www.etchiboy.com\/fr\/wp-content\/uploads\/2015\/04\/Raymond2-petit.jpg 320w, https:\/\/www.etchiboy.com\/fr\/wp-content\/uploads\/2015\/04\/Raymond2-petit-300x168.jpg 300w, https:\/\/www.etchiboy.com\/fr\/wp-content\/uploads\/2015\/04\/Raymond2-petit-100x55.jpg 100w\" sizes=\"(max-width: 320px) 100vw, 320px\" alt=\"\" loading=\"lazy\" \t\tclass=\"so-widget-image\"\/>\n\t<\/a><\/div>\n\n<\/div><\/div><\/div><div id=\"pgc-317-2-1\"  class=\"panel-grid-cell\" >          <div id=\"panel-317-2-1-0\" class=\"textalignright so-panel widget widget_klasik-text-widget widget_klasik_text panel-first-child panel-last-child\" data-index=\"4\" ><div class=\"all-widget-container  fullwidth\" style=\"  \"><div class=\"opacity\" style=\"\"><div class=\"all-widget-wrapper\" style=\"\"><div class=\"klasik-text-widget-wrapper\"  style=\"\">\t\t\t\t<div class=\"text-block \">\r\n\t\t\t\t<p>Depuis 2006 \u00c9tchiboy importe des ceintures fl\u00e9ch\u00e9es ainsi que plusieurs autres produits fabriqu\u00e9s par un groupe de travaillantes coordonn\u00e9es par Santos Cutipa Suclle \u00e0 Cusco au P\u00e9rou. Gr\u00e2ce a l'appui de Miguel qui a financ\u00e9 la construction des m\u00e9tiers (Santos les a fabriqu\u00e9s lui-m\u00eame) et qui ach\u00e8te les produits vendus par \u00c9tchiboy du groupe g\u00e9r\u00e9 par Santos environ 20 familles trouvent un emploi bien r\u00e9num\u00e9r\u00e9. Ce qui nous avait port\u00e9s \u00e0 demander de visiter l'atelier \u00e9tait que nous savions que la plupart des travaillantes \u00e9taient des veuves ou encore des femmes en situation mono-parentale et nous voulions, en autant qu'il nous \u00e9tait possible, faire nos achats de souvenirs de ce groupe afin de les encourager.<\/p>\n                 <\/div>\r\n          \t<div class=\"clear\"><\/div><\/div><div class=\"clear\"><\/div><\/div><div class=\"clear\"><\/div><\/div><div class=\"clear\"><\/div><\/div><\/div>        <\/div><\/div><div id=\"pg-317-3\"  class=\"panel-grid panel-no-style\" ><div id=\"pgc-317-3-0\"  class=\"panel-grid-cell\" >          <div id=\"panel-317-3-0-0\" class=\"textalignleft so-panel widget widget_klasik-text-widget widget_klasik_text panel-first-child panel-last-child\" data-index=\"5\" ><div class=\"all-widget-container  fullwidth\" style=\"  \"><div class=\"opacity\" style=\"\"><div class=\"all-widget-wrapper\" style=\"\"><div class=\"klasik-text-widget-wrapper\"  style=\"\">\t\t\t\t<div class=\"text-block \">\r\n\t\t\t\t<p>Nous n'avons pas \u00e9t\u00e9 d\u00e9sappoint\u00e9s. \u00c0 notre arriv\u00e9e nous avons \u00e9t\u00e9 accueillis par les travaillantes qui s'y trouvaient \u00e0 ce moment, ainsi que par leurs enfants (\u00e0 cause de leurs situations familliales elles peuvent apporter leurs enfants au travail).<\/p>\n<p>Les dames travaillaient sur une marche \u00e0 notre arriv\u00e9e et apr\u00e8s les photos nous avons eu l'ocasion de visiter le lieu de travail qui est r\u00e9ellement une petite salle o\u00f9 se trouve les 7 m\u00e9tiers.<\/p>\n                 <\/div>\r\n          \t<div class=\"clear\"><\/div><\/div><div class=\"clear\"><\/div><\/div><div class=\"clear\"><\/div><\/div><div class=\"clear\"><\/div><\/div><\/div>        <\/div><div id=\"pgc-317-3-1\"  class=\"panel-grid-cell\" ><div id=\"panel-317-3-1-0\" class=\"so-panel widget widget_sow-image panel-first-child panel-last-child\" data-index=\"6\" ><div\n\t\t\t\n\t\t\tclass=\"so-widget-sow-image so-widget-sow-image-default-8b5b6f678277-317\"\n\t\t\t\n\t\t>\n\n<div class=\"sow-image-container\">\n\t\t\t<a href=\"http:\/\/www.etchiboy.com\/images\/raymond5.JPG\"\n\t\t\ttarget=\"_blank\" rel=\"noopener noreferrer\" \t\t>\n\t\t\t<img src=\"https:\/\/www.etchiboy.com\/fr\/wp-content\/uploads\/2015\/04\/Raymond5-petit.jpg\" width=\"320\" height=\"179\" srcset=\"https:\/\/www.etchiboy.com\/fr\/wp-content\/uploads\/2015\/04\/Raymond5-petit.jpg 320w, https:\/\/www.etchiboy.com\/fr\/wp-content\/uploads\/2015\/04\/Raymond5-petit-300x168.jpg 300w, https:\/\/www.etchiboy.com\/fr\/wp-content\/uploads\/2015\/04\/Raymond5-petit-100x55.jpg 100w\" sizes=\"(max-width: 320px) 100vw, 320px\" alt=\"\" loading=\"lazy\" \t\tclass=\"so-widget-image\"\/>\n\t<\/a><\/div>\n\n<\/div><\/div><\/div><\/div><div id=\"pg-317-4\"  class=\"panel-grid panel-no-style\" ><div id=\"pgc-317-4-0\"  class=\"panel-grid-cell\" ><div id=\"panel-317-4-0-0\" class=\"so-panel widget widget_sow-image panel-first-child panel-last-child\" data-index=\"7\" ><div\n\t\t\t\n\t\t\tclass=\"so-widget-sow-image so-widget-sow-image-default-8b5b6f678277-317\"\n\t\t\t\n\t\t>\n\n<div class=\"sow-image-container\">\n\t\t\t<a href=\"http:\/\/www.etchiboy.com\/images\/Raymond3.JPG\"\n\t\t\ttarget=\"_blank\" rel=\"noopener noreferrer\" \t\t>\n\t\t\t<img src=\"https:\/\/www.etchiboy.com\/fr\/wp-content\/uploads\/2015\/04\/Raymond3-petit.jpg\" width=\"320\" height=\"179\" srcset=\"https:\/\/www.etchiboy.com\/fr\/wp-content\/uploads\/2015\/04\/Raymond3-petit.jpg 320w, https:\/\/www.etchiboy.com\/fr\/wp-content\/uploads\/2015\/04\/Raymond3-petit-300x168.jpg 300w, https:\/\/www.etchiboy.com\/fr\/wp-content\/uploads\/2015\/04\/Raymond3-petit-100x55.jpg 100w\" sizes=\"(max-width: 320px) 100vw, 320px\" alt=\"\" loading=\"lazy\" \t\tclass=\"so-widget-image\"\/>\n\t<\/a><\/div>\n\n<\/div><\/div><\/div><div id=\"pgc-317-4-1\"  class=\"panel-grid-cell\" >          <div id=\"panel-317-4-1-0\" class=\"textalignright so-panel widget widget_klasik-text-widget widget_klasik_text panel-first-child panel-last-child\" data-index=\"8\" ><div class=\"all-widget-container  fullwidth\" style=\"  \"><div class=\"opacity\" style=\"\"><div class=\"all-widget-wrapper\" style=\"\"><div class=\"klasik-text-widget-wrapper\"  style=\"\">\t\t\t\t<div class=\"text-block \">\r\n\t\t\t\t<p>Ensuite vint le moment de faire les achats.....pas facile d'arr\u00eater.....hein Yvette Quass....laisses-en pour les autres...<\/p>\n<p>Quelle belle exp\u00e9rience pour notre groupe et quel t\u00e9moignage \u00e0 Miguel, un jeune franco-manitobain qui a choisi de s'impliquer et de faire \"une diff\u00e9rence\". Et quelle diff\u00e9rence pour ces artisanes \u00e0 l'autre bout du monde.<\/p>\n                 <\/div>\r\n          \t<div class=\"clear\"><\/div><\/div><div class=\"clear\"><\/div><\/div><div class=\"clear\"><\/div><\/div><div class=\"clear\"><\/div><\/div><\/div>        <\/div><\/div><div id=\"pg-317-5\"  class=\"panel-grid panel-no-style\" ><div id=\"pgc-317-5-0\"  class=\"panel-grid-cell\" >          <div id=\"panel-317-5-0-0\" class=\"textalignleft so-panel widget widget_klasik-text-widget widget_klasik_text panel-first-child panel-last-child\" data-index=\"9\" ><div class=\"all-widget-container  fullwidth\" style=\"  \"><div class=\"opacity\" style=\"\"><div class=\"all-widget-wrapper\" style=\"\"><div class=\"klasik-text-widget-wrapper\"  style=\"\">\t\t\t\t<div class=\"text-block \">\r\n\t\t\t\t<p>Raymond Poirier et Santos Cutipa Suclle<\/p>\n                 <\/div>\r\n          \t<div class=\"clear\"><\/div><\/div><div class=\"clear\"><\/div><\/div><div class=\"clear\"><\/div><\/div><div class=\"clear\"><\/div><\/div><\/div>        <\/div><div id=\"pgc-317-5-1\"  class=\"panel-grid-cell\" >          <div id=\"panel-317-5-1-0\" class=\"textalignright so-panel widget widget_klasik-text-widget widget_klasik_text panel-first-child panel-last-child\" data-index=\"10\" ><div class=\"all-widget-container  fullwidth\" style=\"  \"><div class=\"opacity\" style=\"\"><div class=\"all-widget-wrapper\" style=\"\"><div class=\"klasik-text-widget-wrapper\"  style=\"\">\t\t\t\t<div class=\"text-block \">\r\n\t\t\t\t<p>Photos par Paul Lagass\u00e9 et C\u00e9cile Poirier<\/p>\n                 <\/div>\r\n          \t<div class=\"clear\"><\/div><\/div><div class=\"clear\"><\/div><\/div><div class=\"clear\"><\/div><\/div><div class=\"clear\"><\/div><\/div><\/div>        <\/div><\/div><\/div>","protected":false},"excerpt":{"rendered":"<p>C&#039;est un petit monde!Texte de Raymond Poirier Qui aurait pens\u00e9 qu&#8217;un groupe de Manitobains en mission au P\u00e9rou aboutirait dans un mini-atelier de fabrication de produits \u00e0 base de laine de llama et de mouton pour acheter des souvenirs qui ont \u00e9t\u00e9 tiss\u00e9s sur des m\u00e9tiers qui existent gr\u00e1ce \u00e0 l&#8217;intervention d&#8217;un jeune manitobain? C&#8217;est [&hellip;]<\/p>\n","protected":false},"author":1,"featured_media":0,"parent":0,"menu_order":0,"comment_status":"closed","ping_status":"closed","template":"","meta":{"url":"","client":"","location":"","start_date":"","end_date":"","ngg_post_thumbnail":0},"_links":{"self":[{"href":"https:\/\/www.etchiboy.com\/fr\/wp-json\/wp\/v2\/pages\/317"}],"collection":[{"href":"https:\/\/www.etchiboy.com\/fr\/wp-json\/wp\/v2\/pages"}],"about":[{"href":"https:\/\/www.etchiboy.com\/fr\/wp-json\/wp\/v2\/types\/page"}],"author":[{"embeddable":true,"href":"https:\/\/www.etchiboy.com\/fr\/wp-json\/wp\/v2\/users\/1"}],"replies":[{"embeddable":true,"href":"https:\/\/www.etchiboy.com\/fr\/wp-json\/wp\/v2\/comments?post=317"}],"version-history":[{"count":7,"href":"https:\/\/www.etchiboy.com\/fr\/wp-json\/wp\/v2\/pages\/317\/revisions"}],"predecessor-version":[{"id":328,"href":"https:\/\/www.etchiboy.com\/fr\/wp-json\/wp\/v2\/pages\/317\/revisions\/328"}],"wp:attachment":[{"href":"https:\/\/www.etchiboy.com\/fr\/wp-json\/wp\/v2\/media?parent=317"}],"curies":[{"name":"wp","href":"https:\/\/api.w.org\/{rel}","templated":true}]}}