{"id":210,"date":"2015-04-26T17:25:11","date_gmt":"2015-04-26T17:25:11","guid":{"rendered":"http:\/\/www.etchiboy.com\/fr\/?page_id=210"},"modified":"2019-05-20T13:02:42","modified_gmt":"2019-05-20T13:02:42","slug":"qui-sommes-nous%e2%80%a8","status":"publish","type":"page","link":"https:\/\/www.etchiboy.com\/fr\/qui-sommes-nous%e2%80%a8\/","title":{"rendered":"Qui nous sommes"},"content":{"rendered":"<div id=\"pl-210\"  class=\"panel-layout\" ><div id=\"pg-210-0\"  class=\"panel-grid panel-no-style\" ><div id=\"pgc-210-0-0\"  class=\"panel-grid-cell\" >          <div id=\"panel-210-0-0-0\" class=\"textaligncenter so-panel widget widget_klasik-text-widget widget_klasik_text panel-first-child panel-last-child\" data-index=\"0\" ><div class=\"all-widget-container  fullwidth\" style=\"  \"><div class=\"opacity\" style=\"\"><div class=\"all-widget-wrapper\" style=\"\"><div class=\"klasik-text-widget-wrapper\"  style=\"\"><h3 class=\"widget-title\">QUI SOMMES-NOUS?<span class=\"line-wrap\"><span class=\"line\"><\/span><\/span><\/h3>\t\t\t\t<div class=\"text-block \">\r\n\t\t\t\t<p>\u00c9tchiboy est une compagnie m\u00e9tisse qui fabrique des produits culturels autochtones de haute qualit\u00e9. Elle travaille avec un organisme Quechua de la r\u00e9gion rurale de Cusco, P\u00e9rou qui appuie les m\u00e8res monoparentales et les orphelins.<\/p>\n                 <\/div>\r\n          \t<div class=\"clear\"><\/div><\/div><div class=\"clear\"><\/div><\/div><div class=\"clear\"><\/div><\/div><div class=\"clear\"><\/div><\/div><\/div>        <\/div><\/div><div id=\"pg-210-1\"  class=\"panel-grid panel-no-style\" ><div id=\"pgc-210-1-0\"  class=\"panel-grid-cell\" ><div id=\"panel-210-1-0-0\" class=\"so-panel widget widget_black-studio-tinymce widget_black_studio_tinymce panel-first-child panel-last-child\" data-index=\"1\" ><div class=\"textwidget\"><hr \/>\n<p>\u00a0<\/p>\n<\/div><\/div><\/div><\/div><div id=\"pg-210-2\"  class=\"panel-grid panel-no-style\" ><div id=\"pgc-210-2-0\"  class=\"panel-grid-cell\" >          <div id=\"panel-210-2-0-0\" class=\"textaligncenter so-panel widget widget_klasik-text-widget widget_klasik_text panel-first-child panel-last-child\" data-index=\"2\" ><div class=\"all-widget-container  fullwidth\" style=\"  \"><div class=\"opacity\" style=\"\"><div class=\"all-widget-wrapper\" style=\"\"><div class=\"klasik-text-widget-wrapper\"  style=\"\"><h3 class=\"widget-title\">Introduction \u00e0 \u00c9tchiboy<span class=\"line-wrap\"><span class=\"line\"><\/span><\/span><\/h3>\t\t\t\t<div class=\"text-block \">\r\n\t\t\t\t                 <\/div>\r\n          \t<div class=\"clear\"><\/div><\/div><div class=\"clear\"><\/div><\/div><div class=\"clear\"><\/div><\/div><div class=\"clear\"><\/div><\/div><\/div>        <\/div><\/div><div id=\"pg-210-3\"  class=\"panel-grid panel-no-style\" ><div id=\"pgc-210-3-0\"  class=\"panel-grid-cell\" ><div id=\"panel-210-3-0-0\" class=\"so-panel widget widget_black-studio-tinymce widget_black_studio_tinymce panel-first-child panel-last-child\" data-index=\"3\" ><div class=\"textwidget\"><p><div style=\"width: 1140px;\" class=\"wp-video\"><!--[if lt IE 9]><script>document.createElement('video');<\/script><![endif]-->\n<video class=\"wp-video-shortcode\" id=\"video-210-1\" width=\"1140\" height=\"641\" poster=\"https:\/\/www.etchiboy.com\/fr\/wp-content\/uploads\/2019\/05\/etchiboy_video_placeholder.jpg\" preload=\"metadata\" controls=\"controls\"><source type=\"video\/x-flv\" src=\"https:\/\/www.etchiboy.com\/fr\/wp-content\/uploads\/2015\/04\/Miguel_Vielfaure_etchiboy.flv?_=1\" \/><a href=\"https:\/\/www.etchiboy.com\/fr\/wp-content\/uploads\/2015\/04\/Miguel_Vielfaure_etchiboy.flv\">https:\/\/www.etchiboy.com\/fr\/wp-content\/uploads\/2015\/04\/Miguel_Vielfaure_etchiboy.flv<\/a><\/video><\/div><\/p>\n<\/div><\/div><\/div><\/div><div id=\"pg-210-4\"  class=\"panel-grid panel-no-style\" ><div id=\"pgc-210-4-0\"  class=\"panel-grid-cell\" ><div id=\"panel-210-4-0-0\" class=\"so-panel widget widget_black-studio-tinymce widget_black_studio_tinymce panel-first-child panel-last-child\" data-index=\"4\" ><div class=\"textwidget\"><hr \/>\n<p>\u00a0<\/p>\n<\/div><\/div><\/div><\/div><div id=\"pg-210-5\"  class=\"panel-grid panel-no-style\" ><div id=\"pgc-210-5-0\"  class=\"panel-grid-cell\" >          <div id=\"panel-210-5-0-0\" class=\"textaligncenter so-panel widget widget_klasik-text-widget widget_klasik_text panel-first-child panel-last-child\" data-index=\"5\" ><div class=\"all-widget-container  fullwidth\" style=\"  \"><div class=\"opacity\" style=\"\"><div class=\"all-widget-wrapper\" style=\"\"><div class=\"klasik-text-widget-wrapper\"  style=\"\"><h3 class=\"widget-title\">\u00c9TCHIBOY DANS LES NOUVELLES<span class=\"line-wrap\"><span class=\"line\"><\/span><\/span><\/h3>\t\t\t\t<div class=\"text-block \">\r\n\t\t\t\t                 <\/div>\r\n          \t<div class=\"clear\"><\/div><\/div><div class=\"clear\"><\/div><\/div><div class=\"clear\"><\/div><\/div><div class=\"clear\"><\/div><\/div><\/div>        <\/div><\/div><div id=\"pg-210-6\"  class=\"panel-grid panel-no-style\" ><div id=\"pgc-210-6-0\"  class=\"panel-grid-cell\" ><div id=\"panel-210-6-0-0\" class=\"so-panel widget widget_black-studio-tinymce widget_black_studio_tinymce panel-first-child panel-last-child\" data-index=\"6\" ><div class=\"textwidget\"><p><a href=\"https:\/\/www.etchiboy.com\/fr\/wp-content\/uploads\/2015\/04\/etchiboy-large-300x38.jpg\"><img class=\"  wp-image-211 aligncenter\" src=\"https:\/\/www.etchiboy.com\/fr\/wp-content\/uploads\/2015\/04\/etchiboy-large-300x38-300x38.jpg\" alt=\"etchiboy-large-300x38\" width=\"863\" height=\"95\" \/><\/a><\/p>\n<\/div><\/div><\/div><\/div><div id=\"pg-210-7\"  class=\"panel-grid panel-no-style\" ><div id=\"pgc-210-7-0\"  class=\"panel-grid-cell\" >          <div id=\"panel-210-7-0-0\" class=\"textaligncenter so-panel widget widget_klasik-text-widget widget_klasik_text panel-first-child panel-last-child\" data-index=\"7\" ><div class=\"all-widget-container  fullwidth\" style=\"  \"><div class=\"opacity\" style=\"\"><div class=\"all-widget-wrapper\" style=\"\"><div class=\"klasik-text-widget-wrapper\"  style=\"\"><h3 class=\"widget-title\">De retour du P\u00e9rou<span class=\"widget-subtitle-wrap\"><span class=\"widget-subtitle\">Radio-Canada (vid\u00e9o)<\/span><span class=\"line\"><\/span><\/span><span class=\"line-wrap\"><span class=\"line\"><\/span><\/span><\/h3>\t\t\t\t<div class=\"text-block \">\r\n\t\t\t\t                 <\/div>\r\n          \t<div class=\"clear\"><\/div><\/div><div class=\"clear\"><\/div><\/div><div class=\"clear\"><\/div><\/div><div class=\"clear\"><\/div><\/div><\/div>        <\/div><div id=\"pgc-210-7-1\"  class=\"panel-grid-cell\" >          <div id=\"panel-210-7-1-0\" class=\"textaligncenter so-panel widget widget_klasik-text-widget widget_klasik_text panel-first-child panel-last-child\" data-index=\"8\" ><div class=\"all-widget-container  fullwidth\" style=\"  \"><div class=\"opacity\" style=\"\"><div class=\"all-widget-wrapper\" style=\"\"><div class=\"klasik-text-widget-wrapper\"  style=\"\"><h3 class=\"widget-title\">Des Fl\u00e9ch\u00e9es contre la pauvret\u00e9<span class=\"widget-subtitle-wrap\"><span class=\"widget-subtitle\">par Julien Abord-Babin (La Libert\u00e9)<\/span><span class=\"line\"><\/span><\/span><span class=\"line-wrap\"><span class=\"line\"><\/span><\/span><\/h3>\t\t\t\t<div class=\"text-block \">\r\n\t\t\t\t                 <\/div>\r\n          \t<div class=\"clear\"><\/div><\/div><div class=\"clear\"><\/div><\/div><div class=\"clear\"><\/div><\/div><div class=\"clear\"><\/div><\/div><\/div>        <\/div><div id=\"pgc-210-7-2\"  class=\"panel-grid-cell\" >          <div id=\"panel-210-7-2-0\" class=\"textaligncenter so-panel widget widget_klasik-text-widget widget_klasik_text panel-first-child panel-last-child\" data-index=\"9\" ><div class=\"all-widget-container  fullwidth\" style=\"  \"><div class=\"opacity\" style=\"\"><div class=\"all-widget-wrapper\" style=\"\"><div class=\"klasik-text-widget-wrapper\"  style=\"\"><h3 class=\"widget-title\">Un petit monde<span class=\"widget-subtitle-wrap\"><span class=\"widget-subtitle\">par Raymond Poirier<\/span><span class=\"line\"><\/span><\/span><span class=\"line-wrap\"><span class=\"line\"><\/span><\/span><\/h3>\t\t\t\t<div class=\"text-block \">\r\n\t\t\t\t                 <\/div>\r\n          \t<div class=\"clear\"><\/div><\/div><div class=\"clear\"><\/div><\/div><div class=\"clear\"><\/div><\/div><div class=\"clear\"><\/div><\/div><\/div>        <\/div><\/div><div id=\"pg-210-8\"  class=\"panel-grid panel-no-style\" ><div id=\"pgc-210-8-0\"  class=\"panel-grid-cell\" ><div id=\"panel-210-8-0-0\" class=\"so-panel widget widget_sow-image panel-first-child panel-last-child\" data-index=\"10\" ><div\n\t\t\t\n\t\t\tclass=\"so-widget-sow-image so-widget-sow-image-default-8b5b6f678277-210\"\n\t\t\t\n\t\t>\n\n<div class=\"sow-image-container\">\n\t\t\t<a href=\"http:\/\/www.etchiboy.com\/video\/etchiboyradiocanadamiguelvielfaure081212.mp4\"\n\t\t\ttarget=\"_blank\" rel=\"noopener noreferrer\" \t\t>\n\t\t\t<img src=\"https:\/\/www.etchiboy.com\/fr\/wp-content\/uploads\/2015\/04\/news.jpg\" width=\"320\" height=\"240\" srcset=\"https:\/\/www.etchiboy.com\/fr\/wp-content\/uploads\/2015\/04\/news.jpg 320w, https:\/\/www.etchiboy.com\/fr\/wp-content\/uploads\/2015\/04\/news-300x225.jpg 300w\" sizes=\"(max-width: 320px) 100vw, 320px\" alt=\"\" loading=\"lazy\" \t\tclass=\"so-widget-image\"\/>\n\t<\/a><\/div>\n\n<\/div><\/div><\/div><div id=\"pgc-210-8-1\"  class=\"panel-grid-cell\" ><div id=\"panel-210-8-1-0\" class=\"so-panel widget widget_sow-image panel-first-child panel-last-child\" data-index=\"11\" ><div\n\t\t\t\n\t\t\tclass=\"so-widget-sow-image so-widget-sow-image-default-8b5b6f678277-210\"\n\t\t\t\n\t\t>\n\n<div class=\"sow-image-container\">\n\t\t\t<a href=\"http:\/\/www.etchiboy.com\/etchiboy%20perou%20julien.pdf\"\n\t\t\ttarget=\"_blank\" rel=\"noopener noreferrer\" \t\t>\n\t\t\t<img src=\"https:\/\/www.etchiboy.com\/fr\/wp-content\/uploads\/2015\/04\/Julien-perou.jpg\" width=\"320\" height=\"240\" srcset=\"https:\/\/www.etchiboy.com\/fr\/wp-content\/uploads\/2015\/04\/Julien-perou.jpg 320w, https:\/\/www.etchiboy.com\/fr\/wp-content\/uploads\/2015\/04\/Julien-perou-300x225.jpg 300w\" sizes=\"(max-width: 320px) 100vw, 320px\" title=\"Julien perou\" alt=\"\" loading=\"lazy\" \t\tclass=\"so-widget-image\"\/>\n\t<\/a><\/div>\n\n<\/div><\/div><\/div><div id=\"pgc-210-8-2\"  class=\"panel-grid-cell\" ><div id=\"panel-210-8-2-0\" class=\"so-panel widget widget_sow-image panel-first-child panel-last-child\" data-index=\"12\" ><div\n\t\t\t\n\t\t\tclass=\"so-widget-sow-image so-widget-sow-image-default-8b5b6f678277-210\"\n\t\t\t\n\t\t>\n\n<div class=\"sow-image-container\">\n\t\t\t<a href=\"https:\/\/www.etchiboy.com\/fr\/cest-un-petit-monde\/\"\n\t\t\ttarget=\"_blank\" rel=\"noopener noreferrer\" \t\t>\n\t\t\t<img src=\"https:\/\/www.etchiboy.com\/fr\/wp-content\/uploads\/2015\/04\/Raymond1-petit.jpg\" width=\"320\" height=\"240\" srcset=\"https:\/\/www.etchiboy.com\/fr\/wp-content\/uploads\/2015\/04\/Raymond1-petit.jpg 320w, https:\/\/www.etchiboy.com\/fr\/wp-content\/uploads\/2015\/04\/Raymond1-petit-300x225.jpg 300w\" sizes=\"(max-width: 320px) 100vw, 320px\" title=\"Raymond1 petit\" alt=\"\" loading=\"lazy\" \t\tclass=\"so-widget-image\"\/>\n\t<\/a><\/div>\n\n<\/div><\/div><\/div><\/div><div id=\"pg-210-9\"  class=\"panel-grid panel-no-style\" ><div id=\"pgc-210-9-0\"  class=\"panel-grid-cell\" ><div id=\"panel-210-9-0-0\" class=\"so-panel widget widget_black-studio-tinymce widget_black_studio_tinymce panel-first-child panel-last-child\" data-index=\"13\" ><div class=\"textwidget\"><hr \/>\n<p>\u00a0<\/p>\n<\/div><\/div><\/div><\/div><div id=\"pg-210-10\"  class=\"panel-grid panel-no-style\" ><div id=\"pgc-210-10-0\"  class=\"panel-grid-cell\" >          <div id=\"panel-210-10-0-0\" class=\"textaligncenter so-panel widget widget_klasik-text-widget widget_klasik_text panel-first-child panel-last-child\" data-index=\"14\" ><div class=\"all-widget-container  fullwidth\" style=\"  \"><div class=\"opacity\" style=\"\"><div class=\"all-widget-wrapper\" style=\"\"><div class=\"klasik-text-widget-wrapper\"  style=\"\"><h3 class=\"widget-title\">Du P\u00e9rou au Manitoba<span class=\"widget-subtitle-wrap\"><span class=\"widget-subtitle\">Etchiboy est le seul commerce \u00e9quitable de produits m\u00e9tis du Manitoba.<\/span><span class=\"line\"><\/span><\/span><span class=\"line-wrap\"><span class=\"line\"><\/span><\/span><\/h3>\t\t\t\t<div class=\"text-block \">\r\n\t\t\t\t                 <\/div>\r\n          \t<div class=\"clear\"><\/div><\/div><div class=\"clear\"><\/div><\/div><div class=\"clear\"><\/div><\/div><div class=\"clear\"><\/div><\/div><\/div>        <\/div><div id=\"pgc-210-10-1\"  class=\"panel-grid-cell\" >          <div id=\"panel-210-10-1-0\" class=\"textaligncenter so-panel widget widget_klasik-text-widget widget_klasik_text panel-first-child panel-last-child\" data-index=\"15\" ><div class=\"all-widget-container  fullwidth\" style=\"  \"><div class=\"opacity\" style=\"\"><div class=\"all-widget-wrapper\" style=\"\"><div class=\"klasik-text-widget-wrapper\"  style=\"\"><h3 class=\"widget-title\">Une autre id\u00e9e du commerce<span class=\"widget-subtitle-wrap\"><span class=\"widget-subtitle\">par Simon Gouin (La Libert\u00e9)<\/span><span class=\"line\"><\/span><\/span><span class=\"line-wrap\"><span class=\"line\"><\/span><\/span><\/h3>\t\t\t\t<div class=\"text-block \">\r\n\t\t\t\t                 <\/div>\r\n          \t<div class=\"clear\"><\/div><\/div><div class=\"clear\"><\/div><\/div><div class=\"clear\"><\/div><\/div><div class=\"clear\"><\/div><\/div><\/div>        <\/div><div id=\"pgc-210-10-2\"  class=\"panel-grid-cell\" >          <div id=\"panel-210-10-2-0\" class=\"textaligncenter so-panel widget widget_klasik-text-widget widget_klasik_text panel-first-child panel-last-child\" data-index=\"16\" ><div class=\"all-widget-container  fullwidth\" style=\"  \"><div class=\"opacity\" style=\"\"><div class=\"all-widget-wrapper\" style=\"\"><div class=\"klasik-text-widget-wrapper\"  style=\"\"><h3 class=\"widget-title\">Une petite compagnie qui grandit!<span class=\"widget-subtitle-wrap\"><span class=\"widget-subtitle\">par Patricia Bitu Tchikudi (La Libert\u00e9)<\/span><span class=\"line\"><\/span><\/span><span class=\"line-wrap\"><span class=\"line\"><\/span><\/span><\/h3>\t\t\t\t<div class=\"text-block \">\r\n\t\t\t\t                 <\/div>\r\n          \t<div class=\"clear\"><\/div><\/div><div class=\"clear\"><\/div><\/div><div class=\"clear\"><\/div><\/div><div class=\"clear\"><\/div><\/div><\/div>        <\/div><\/div><div id=\"pg-210-11\"  class=\"panel-grid panel-no-style\" ><div id=\"pgc-210-11-0\"  class=\"panel-grid-cell\" ><div id=\"panel-210-11-0-0\" class=\"so-panel widget widget_sow-image panel-first-child panel-last-child\" data-index=\"17\" ><div\n\t\t\t\n\t\t\tclass=\"so-widget-sow-image so-widget-sow-image-default-8b5b6f678277-210\"\n\t\t\t\n\t\t>\n\n<div class=\"sow-image-container\">\n\t\t\t<a href=\"http:\/\/www.winnipegfreepress.com\/opinion\/fyi\/du-perou-au-manitoba-140405853.html\"\n\t\t\ttarget=\"_blank\" rel=\"noopener noreferrer\" \t\t>\n\t\t\t<img src=\"https:\/\/www.etchiboy.com\/fr\/wp-content\/uploads\/2015\/04\/etchi_boy.png\" width=\"320\" height=\"240\" srcset=\"https:\/\/www.etchiboy.com\/fr\/wp-content\/uploads\/2015\/04\/etchi_boy.png 320w, https:\/\/www.etchiboy.com\/fr\/wp-content\/uploads\/2015\/04\/etchi_boy-300x225.png 300w\" sizes=\"(max-width: 320px) 100vw, 320px\" alt=\"\" loading=\"lazy\" \t\tclass=\"so-widget-image\"\/>\n\t<\/a><\/div>\n\n<\/div><\/div><\/div><div id=\"pgc-210-11-1\"  class=\"panel-grid-cell\" ><div id=\"panel-210-11-1-0\" class=\"so-panel widget widget_sow-image panel-first-child panel-last-child\" data-index=\"18\" ><div\n\t\t\t\n\t\t\tclass=\"so-widget-sow-image so-widget-sow-image-default-8b5b6f678277-210\"\n\t\t\t\n\t\t>\n\n<div class=\"sow-image-container\">\n\t\t\t<a href=\"https:\/\/www.etchiboy.com\/fr\/une-autre-idee-du-commerce\/\"\n\t\t\ttarget=\"_blank\" rel=\"noopener noreferrer\" \t\t>\n\t\t\t<img src=\"https:\/\/www.etchiboy.com\/fr\/wp-content\/uploads\/2015\/04\/mujeres.jpg\" width=\"320\" height=\"240\" srcset=\"https:\/\/www.etchiboy.com\/fr\/wp-content\/uploads\/2015\/04\/mujeres.jpg 320w, https:\/\/www.etchiboy.com\/fr\/wp-content\/uploads\/2015\/04\/mujeres-300x225.jpg 300w\" sizes=\"(max-width: 320px) 100vw, 320px\" alt=\"\" loading=\"lazy\" \t\tclass=\"so-widget-image\"\/>\n\t<\/a><\/div>\n\n<\/div><\/div><\/div><div id=\"pgc-210-11-2\"  class=\"panel-grid-cell\" ><div id=\"panel-210-11-2-0\" class=\"so-panel widget widget_sow-image panel-first-child panel-last-child\" data-index=\"19\" ><div\n\t\t\t\n\t\t\tclass=\"so-widget-sow-image so-widget-sow-image-default-8b5b6f678277-210\"\n\t\t\t\n\t\t>\n\n<div class=\"sow-image-container\">\n\t\t\t<a href=\"http:\/\/www.etchiboy.com\/etchiboy%20patricia.pdf\"\n\t\t\ttarget=\"_blank\" rel=\"noopener noreferrer\" \t\t>\n\t\t\t<img src=\"https:\/\/www.etchiboy.com\/fr\/wp-content\/uploads\/2015\/04\/Miguel-Vielfaure-etchiboy.jpg\" width=\"320\" height=\"240\" srcset=\"https:\/\/www.etchiboy.com\/fr\/wp-content\/uploads\/2015\/04\/Miguel-Vielfaure-etchiboy.jpg 320w, https:\/\/www.etchiboy.com\/fr\/wp-content\/uploads\/2015\/04\/Miguel-Vielfaure-etchiboy-300x225.jpg 300w\" sizes=\"(max-width: 320px) 100vw, 320px\" title=\"Miguel Vielfaure etchiboy\" alt=\"\" loading=\"lazy\" \t\tclass=\"so-widget-image\"\/>\n\t<\/a><\/div>\n\n<\/div><\/div><\/div><\/div><\/div>","protected":false},"excerpt":{"rendered":"<p>\u00a0<\/p>\n","protected":false},"author":1,"featured_media":0,"parent":0,"menu_order":0,"comment_status":"closed","ping_status":"closed","template":"","meta":{"url":"","client":"","location":"","start_date":"","end_date":"","ngg_post_thumbnail":0},"_links":{"self":[{"href":"https:\/\/www.etchiboy.com\/fr\/wp-json\/wp\/v2\/pages\/210"}],"collection":[{"href":"https:\/\/www.etchiboy.com\/fr\/wp-json\/wp\/v2\/pages"}],"about":[{"href":"https:\/\/www.etchiboy.com\/fr\/wp-json\/wp\/v2\/types\/page"}],"author":[{"embeddable":true,"href":"https:\/\/www.etchiboy.com\/fr\/wp-json\/wp\/v2\/users\/1"}],"replies":[{"embeddable":true,"href":"https:\/\/www.etchiboy.com\/fr\/wp-json\/wp\/v2\/comments?post=210"}],"version-history":[{"count":28,"href":"https:\/\/www.etchiboy.com\/fr\/wp-json\/wp\/v2\/pages\/210\/revisions"}],"predecessor-version":[{"id":454,"href":"https:\/\/www.etchiboy.com\/fr\/wp-json\/wp\/v2\/pages\/210\/revisions\/454"}],"wp:attachment":[{"href":"https:\/\/www.etchiboy.com\/fr\/wp-json\/wp\/v2\/media?parent=210"}],"curies":[{"name":"wp","href":"https:\/\/api.w.org\/{rel}","templated":true}]}}