{"id":19,"date":"2015-04-26T15:59:41","date_gmt":"2015-04-26T15:59:41","guid":{"rendered":"http:\/\/www.etchiboy.com\/fr\/?page_id=19"},"modified":"2020-03-31T22:34:24","modified_gmt":"2020-03-31T22:34:24","slug":"home","status":"publish","type":"page","link":"https:\/\/www.etchiboy.com\/fr\/","title":{"rendered":"Bienvenue \u00e0 \u00c9tchiboy la place \u00e0 acheter des ceintures fl\u00e9ch\u00e9es"},"content":{"rendered":"<div id=\"pl-19\"  class=\"panel-layout\" ><div id=\"pg-19-0\"  class=\"panel-grid panel-no-style\" ><div id=\"pgc-19-0-0\"  class=\"panel-grid-cell\" >          <div id=\"panel-19-0-0-0\" class=\"textaligncenter so-panel widget widget_klasik-text-widget widget_klasik_text panel-first-child panel-last-child\" data-index=\"0\" ><div class=\"all-widget-container  boxed\" style=\"  \"><div class=\"opacity\" style=\"\"><div class=\"all-widget-wrapper\" style=\"\">\r\n                \t\t<div class=\"container\">\r\n                    \t<div class=\"row\">\r\n                        <div class=\"twelve columns\">\r\n\t\t\t\t\t <div class=\"klasik-text-widget-wrapper\"  style=\"\"><h3 class=\"widget-title\">VISITEZ NOTRE MAGASIN<span class=\"widget-subtitle-wrap\"><span class=\"widget-subtitle\">Ceintures fl\u00e9ch\u00e9e \u00e0 vendre et plusieurs autres produits autochones<\/span><span class=\"line\"><\/span><\/span><span class=\"line-wrap\"><span class=\"line\"><\/span><\/span><\/h3>\t\t\t\t<div class=\"text-block \">\r\n\t\t\t\t                 <\/div>\r\n          \t<div class=\"clear\"><\/div><\/div>                        \r\n\t\t\t\t\t\t<\/div>\r\n                    \t<\/div>\r\n                \t\t<\/div><div class=\"clear\"><\/div><\/div><div class=\"clear\"><\/div><\/div><div class=\"clear\"><\/div><\/div><\/div>        <\/div><\/div><div id=\"pg-19-1\"  class=\"panel-grid panel-no-style\" ><div id=\"pgc-19-1-0\"  class=\"panel-grid-cell\" ><div id=\"panel-19-1-0-0\" class=\"so-panel widget widget_sow-slider panel-first-child panel-last-child\" data-index=\"1\" ><div\n\t\t\t\n\t\t\tclass=\"so-widget-sow-slider so-widget-sow-slider-default-53fd0f98de19-19\"\n\t\t\t\n\t\t>\t\t\t\t<div class=\"sow-slider-base\" style=\"display: none\">\n\t\t\t\t\t<ul\n\t\t\t\t\tclass=\"sow-slider-images\"\n\t\t\t\t\tdata-settings=\"{&quot;pagination&quot;:true,&quot;speed&quot;:800,&quot;timeout&quot;:8000,&quot;paused&quot;:false,&quot;pause_on_hover&quot;:false,&quot;swipe&quot;:true,&quot;nav_always_show_desktop&quot;:&quot;&quot;,&quot;nav_always_show_mobile&quot;:&quot;&quot;,&quot;breakpoint&quot;:&quot;780px&quot;,&quot;unmute&quot;:false,&quot;anchor&quot;:null}\"\n\t\t\t\t\t\t\t\t\t\tdata-anchor-id=\"\"\n\t\t\t\t>\t\t<li class=\"sow-slider-image  sow-slider-image-cover\" style=\"visibility: visible;;background-image: url(https:\/\/www.etchiboy.com\/fr\/wp-content\/uploads\/2019\/05\/slide_4_fr.jpg);cursor: pointer;\" data-url=\"{&quot;url&quot;:&quot;https:\\\/\\\/store.etchiboy.com\\\/&quot;,&quot;new_window&quot;:true}\" >\n\t\t\t\t\t\t\t\t\t\t<a href=\"https:\/\/store.etchiboy.com\/\"\n\t\t\t\t\t\t\t\t\t\t\t\t\t\t\ttarget=\"_blank\" \t\t\t\t\t\t\t\t\t\t\t\t\t\t\t\t\t\t\t\trel=\"noopener noreferrer\" \t\t\t\t\t\t\t\t\t>\n\t\t\t<img width=\"1600\" height=\"550\" src=\"https:\/\/www.etchiboy.com\/fr\/wp-content\/uploads\/2019\/05\/slide_4_fr.jpg\" class=\"sow-slider-background-image skip-lazy\" alt=\"\" decoding=\"async\" loading=\"eager\" style=\"\" srcset=\"https:\/\/www.etchiboy.com\/fr\/wp-content\/uploads\/2019\/05\/slide_4_fr.jpg 1600w, https:\/\/www.etchiboy.com\/fr\/wp-content\/uploads\/2019\/05\/slide_4_fr-300x103.jpg 300w, https:\/\/www.etchiboy.com\/fr\/wp-content\/uploads\/2019\/05\/slide_4_fr-768x264.jpg 768w, https:\/\/www.etchiboy.com\/fr\/wp-content\/uploads\/2019\/05\/slide_4_fr-1024x352.jpg 1024w\" sizes=\"(max-width: 1600px) 100vw, 1600px\" \/><\/a>\t\t<\/li>\n\t\t\t\t<li class=\"sow-slider-image  sow-slider-image-cover\" style=\"visibility: hidden;;background-image: url(https:\/\/www.etchiboy.com\/fr\/wp-content\/uploads\/2015\/04\/slide1.jpg)\" >\n\t\t\t\t\t\t<img width=\"1600\" height=\"550\" src=\"https:\/\/www.etchiboy.com\/fr\/wp-content\/uploads\/2015\/04\/slide1.jpg\" class=\"sow-slider-background-image skip-lazy\" alt=\"\" decoding=\"async\" loading=\"eager\" style=\"\" srcset=\"https:\/\/www.etchiboy.com\/fr\/wp-content\/uploads\/2015\/04\/slide1.jpg 1600w, https:\/\/www.etchiboy.com\/fr\/wp-content\/uploads\/2015\/04\/slide1-300x103.jpg 300w, https:\/\/www.etchiboy.com\/fr\/wp-content\/uploads\/2015\/04\/slide1-1024x352.jpg 1024w\" sizes=\"(max-width: 1600px) 100vw, 1600px\" \/>\t\t<\/li>\n\t\t\t\t<li class=\"sow-slider-image  sow-slider-image-cover\" style=\"visibility: hidden;;background-image: url(https:\/\/www.etchiboy.com\/fr\/wp-content\/uploads\/2015\/04\/slide2.jpg)\" >\n\t\t\t\t\t\t<img width=\"1600\" height=\"550\" src=\"https:\/\/www.etchiboy.com\/fr\/wp-content\/uploads\/2015\/04\/slide2.jpg\" class=\"sow-slider-background-image skip-lazy\" alt=\"\" decoding=\"async\" loading=\"eager\" style=\"\" srcset=\"https:\/\/www.etchiboy.com\/fr\/wp-content\/uploads\/2015\/04\/slide2.jpg 1600w, https:\/\/www.etchiboy.com\/fr\/wp-content\/uploads\/2015\/04\/slide2-300x103.jpg 300w, https:\/\/www.etchiboy.com\/fr\/wp-content\/uploads\/2015\/04\/slide2-1024x352.jpg 1024w\" sizes=\"(max-width: 1600px) 100vw, 1600px\" \/>\t\t<\/li>\n\t\t\t\t<li class=\"sow-slider-image  sow-slider-image-cover\" style=\"visibility: hidden;;background-image: url(https:\/\/www.etchiboy.com\/fr\/wp-content\/uploads\/2015\/04\/slide3.jpg)\" >\n\t\t\t\t\t\t<img width=\"1600\" height=\"550\" src=\"https:\/\/www.etchiboy.com\/fr\/wp-content\/uploads\/2015\/04\/slide3.jpg\" class=\"sow-slider-background-image skip-lazy\" alt=\"\" decoding=\"async\" loading=\"eager\" style=\"\" srcset=\"https:\/\/www.etchiboy.com\/fr\/wp-content\/uploads\/2015\/04\/slide3.jpg 1600w, https:\/\/www.etchiboy.com\/fr\/wp-content\/uploads\/2015\/04\/slide3-300x103.jpg 300w, https:\/\/www.etchiboy.com\/fr\/wp-content\/uploads\/2015\/04\/slide3-1024x352.jpg 1024w\" sizes=\"(max-width: 1600px) 100vw, 1600px\" \/>\t\t<\/li>\n\t\t<\/ul>\t\t\t\t<ol class=\"sow-slider-pagination\">\n\t\t\t\t\t\t\t\t\t\t\t<li><a href=\"#\" data-goto=\"0\" aria-label=\"display slide 1\"><\/a><\/li>\n\t\t\t\t\t\t\t\t\t\t\t<li><a href=\"#\" data-goto=\"1\" aria-label=\"display slide 2\"><\/a><\/li>\n\t\t\t\t\t\t\t\t\t\t\t<li><a href=\"#\" data-goto=\"2\" aria-label=\"display slide 3\"><\/a><\/li>\n\t\t\t\t\t\t\t\t\t\t\t<li><a href=\"#\" data-goto=\"3\" aria-label=\"display slide 4\"><\/a><\/li>\n\t\t\t\t\t\t\t\t\t<\/ol>\n\n\t\t\t\t<div class=\"sow-slide-nav sow-slide-nav-next\">\n\t\t\t\t\t<a href=\"#\" data-goto=\"next\" aria-label=\"next slide\" data-action=\"next\">\n\t\t\t\t\t\t<em class=\"sow-sld-icon-thin-right\"><\/em>\n\t\t\t\t\t<\/a>\n\t\t\t\t<\/div>\n\n\t\t\t\t<div class=\"sow-slide-nav sow-slide-nav-prev\">\n\t\t\t\t\t<a href=\"#\" data-goto=\"previous\" aria-label=\"previous slide\" data-action=\"prev\">\n\t\t\t\t\t\t<em class=\"sow-sld-icon-thin-left\"><\/em>\n\t\t\t\t\t<\/a>\n\t\t\t\t<\/div>\n\t\t\t\t<\/div><\/div><\/div><\/div><\/div><div id=\"pg-19-2\"  class=\"panel-grid panel-no-style\" ><div id=\"pgc-19-2-0\"  class=\"panel-grid-cell\" >          <div id=\"panel-19-2-0-0\" class=\"textaligncenter so-panel widget widget_klasik-text-widget widget_klasik_text panel-first-child panel-last-child\" data-index=\"2\" ><div class=\"all-widget-container  fullwidth\" style=\"  \"><div class=\"opacity\" style=\"\"><div class=\"all-widget-wrapper\" style=\"\"><div class=\"klasik-text-widget-wrapper\"  style=\"\"><h3 class=\"widget-title\">\u00c0 PROPOS D&#039;\u00c9TCHIBOY<span class=\"line-wrap\"><span class=\"line\"><\/span><\/span><\/h3>\t\t\t\t<div class=\"text-block \">\r\n\t\t\t\t<p>\u00c9tchiboy est une compagnie m\u00e9tisse qui fabrique des produits culturels autochtones de haute qualit\u00e9.<\/p>\n                 <\/div>\r\n          \t<div class=\"clear\"><\/div><\/div><div class=\"clear\"><\/div><\/div><div class=\"clear\"><\/div><\/div><div class=\"clear\"><\/div><\/div><\/div>        <\/div><div id=\"pgc-19-2-1\"  class=\"panel-grid-cell\" >          <div id=\"panel-19-2-1-0\" class=\"textaligncenter so-panel widget widget_klasik-text-widget widget_klasik_text panel-first-child panel-last-child\" data-index=\"3\" ><div class=\"all-widget-container  fullwidth\" style=\"  \"><div class=\"opacity\" style=\"\"><div class=\"all-widget-wrapper\" style=\"\"><div class=\"klasik-text-widget-wrapper\"  style=\"\"><h3 class=\"widget-title\">Culture et traditions<span class=\"line-wrap\"><span class=\"line\"><\/span><\/span><\/h3>\t\t\t\t<div class=\"text-block \">\r\n\t\t\t\t<p>Nous offrons des produits traditionnels de la culture m\u00e9tisse.<\/p>\n                 <\/div>\r\n          \t<div class=\"clear\"><\/div><\/div><div class=\"clear\"><\/div><\/div><div class=\"clear\"><\/div><\/div><div class=\"clear\"><\/div><\/div><\/div>        <\/div><div id=\"pgc-19-2-2\"  class=\"panel-grid-cell\" >          <div id=\"panel-19-2-2-0\" class=\"textaligncenter so-panel widget widget_klasik-text-widget widget_klasik_text panel-first-child panel-last-child\" data-index=\"4\" ><div class=\"all-widget-container  fullwidth\" style=\"  \"><div class=\"opacity\" style=\"\"><div class=\"all-widget-wrapper\" style=\"\"><div class=\"klasik-text-widget-wrapper\"  style=\"\"><h3 class=\"widget-title\">\u00c9change direct et \u00e9quitable<span class=\"line-wrap\"><span class=\"line\"><\/span><\/span><\/h3>\t\t\t\t<div class=\"text-block \">\r\n\t\t\t\t<p>\u00c9tchiboy travaille avec un organisme Quechua de la r\u00e9gion rurale de Cusco, P\u00e9rou qui appuie les m\u00e8res monoparentales.<\/p>\n                 <\/div>\r\n          \t<div class=\"clear\"><\/div><\/div><div class=\"clear\"><\/div><\/div><div class=\"clear\"><\/div><\/div><div class=\"clear\"><\/div><\/div><\/div>        <\/div><\/div><div id=\"pg-19-3\"  class=\"panel-grid panel-no-style\" ><div id=\"pgc-19-3-0\"  class=\"panel-grid-cell\" ><div id=\"panel-19-3-0-0\" class=\"so-panel widget widget_black-studio-tinymce widget_black_studio_tinymce panel-first-child panel-last-child\" data-index=\"5\" ><div class=\"textwidget\"><hr \/>\n<p>\u00a0<\/p>\n<\/div><\/div><\/div><\/div><div id=\"pg-19-4\"  class=\"panel-grid panel-no-style\" ><div id=\"pgc-19-4-0\"  class=\"panel-grid-cell\" ><div id=\"panel-19-4-0-0\" class=\"so-panel widget widget_black-studio-tinymce widget_black_studio_tinymce panel-first-child panel-last-child\" data-index=\"6\" ><div class=\"textwidget\"><hr \/>\n<p>\u00a0<\/p>\n<\/div><\/div><\/div><\/div><div id=\"pg-19-5\"  class=\"panel-grid panel-no-style\" ><div id=\"pgc-19-5-0\"  class=\"panel-grid-cell\" ><div id=\"panel-19-5-0-0\" class=\"so-panel widget widget_black-studio-tinymce widget_black_studio_tinymce panel-first-child panel-last-child\" data-index=\"7\" ><div class=\"textwidget\"><p><div style=\"width: 1140px;\" class=\"wp-video\"><!--[if lt IE 9]><script>document.createElement('video');<\/script><![endif]-->\n<video class=\"wp-video-shortcode\" id=\"video-19-1\" width=\"1140\" height=\"641\" poster=\"https:\/\/www.etchiboy.com\/fr\/wp-content\/uploads\/2019\/05\/etchiboy_placer.jpg\" preload=\"metadata\" controls=\"controls\"><source type=\"video\/x-flv\" src=\"https:\/\/www.etchiboy.com\/fr\/wp-content\/uploads\/2015\/04\/Miguel_Vielfaure_etchiboy.flv?_=1\" \/><a href=\"https:\/\/www.etchiboy.com\/fr\/wp-content\/uploads\/2015\/04\/Miguel_Vielfaure_etchiboy.flv\">https:\/\/www.etchiboy.com\/fr\/wp-content\/uploads\/2015\/04\/Miguel_Vielfaure_etchiboy.flv<\/a><\/video><\/div><\/p>\n<\/div><\/div><\/div><\/div><div id=\"pg-19-6\"  class=\"panel-grid panel-no-style\" ><div id=\"pgc-19-6-0\"  class=\"panel-grid-cell\" ><div id=\"panel-19-6-0-0\" class=\"so-panel widget widget_black-studio-tinymce widget_black_studio_tinymce panel-first-child panel-last-child\" data-index=\"8\" ><div class=\"textwidget\"><hr \/>\n<p>\u00a0<\/p>\n<\/div><\/div><\/div><\/div><div id=\"pg-19-7\"  class=\"panel-grid panel-no-style\" ><div id=\"pgc-19-7-0\"  class=\"panel-grid-cell\" >          <div id=\"panel-19-7-0-0\" class=\"textaligncenter so-panel widget widget_klasik-text-widget widget_klasik_text panel-first-child panel-last-child\" data-index=\"9\" ><div class=\"all-widget-container  fullwidth\" style=\"  \"><div class=\"opacity\" style=\"\"><div class=\"all-widget-wrapper\" style=\"\"><div class=\"klasik-text-widget-wrapper\"  style=\"\"><h3 class=\"widget-title\"> FORMULAIRE DE CONTACT<span class=\"line-wrap\"><span class=\"line\"><\/span><\/span><\/h3>\t\t\t\t<div class=\"text-block \">\r\n\t\t\t\t                 <\/div>\r\n          \t<div class=\"clear\"><\/div><\/div><div class=\"clear\"><\/div><\/div><div class=\"clear\"><\/div><\/div><div class=\"clear\"><\/div><\/div><\/div>        <\/div><\/div><div id=\"pg-19-8\"  class=\"panel-grid panel-no-style\" ><div id=\"pgc-19-8-0\"  class=\"panel-grid-cell\" >          <div id=\"panel-19-8-0-0\" class=\"textaligncenter so-panel widget widget_klasik-text-widget widget_klasik_text panel-first-child panel-last-child\" data-index=\"10\" ><div class=\"all-widget-container  fullwidth\" style=\"  \"><div class=\"opacity\" style=\"\"><div class=\"all-widget-wrapper\" style=\"\"><div class=\"klasik-text-widget-wrapper\"  style=\"\">\t\t\t\t<div class=\"text-block \">\r\n\t\t\t\t<div class=\"wpcf7 no-js\" id=\"wpcf7-f6-o2\" lang=\"en-US\" dir=\"ltr\">\n<div class=\"screen-reader-response\">\n<p role=\"status\" aria-live=\"polite\" aria-atomic=\"true\">\n<ul><\/ul>\n<\/div>\n<form action=\"\/fr\/wp-json\/wp\/v2\/pages\/19#wpcf7-f6-o2\" method=\"post\" class=\"wpcf7-form init\" aria-label=\"Contact form\" novalidate=\"novalidate\" data-status=\"init\">\n<div style=\"display: none;\">\n<input type=\"hidden\" name=\"_wpcf7\" value=\"6\" \/><br \/>\n<input type=\"hidden\" name=\"_wpcf7_version\" value=\"5.7.6\" \/><br \/>\n<input type=\"hidden\" name=\"_wpcf7_locale\" value=\"en_US\" \/><br \/>\n<input type=\"hidden\" name=\"_wpcf7_unit_tag\" value=\"wpcf7-f6-o2\" \/><br \/>\n<input type=\"hidden\" name=\"_wpcf7_container_post\" value=\"0\" \/><br \/>\n<input type=\"hidden\" name=\"_wpcf7_posted_data_hash\" value=\"\" \/><br \/>\n<input type=\"hidden\" name=\"_wpcf7_recaptcha_response\" value=\"\" \/>\n<\/div>\n<p>Nom\n<\/p>\n<p><span class=\"wpcf7-form-control-wrap\" data-name=\"your-name\"><input size=\"40\" class=\"wpcf7-form-control wpcf7-text wpcf7-validates-as-required\" aria-required=\"true\" aria-invalid=\"false\" value=\"\" type=\"text\" name=\"your-name\" \/><\/span>\n<\/p>\n<p>Courriel\n<\/p>\n<p><span class=\"wpcf7-form-control-wrap\" data-name=\"your-email\"><input size=\"40\" class=\"wpcf7-form-control wpcf7-text wpcf7-email wpcf7-validates-as-required wpcf7-validates-as-email\" aria-required=\"true\" aria-invalid=\"false\" value=\"\" type=\"email\" name=\"your-email\" \/><\/span>\n<\/p>\n<p>Sujet\n<\/p>\n<p><span class=\"wpcf7-form-control-wrap\" data-name=\"your-subject\"><input size=\"40\" class=\"wpcf7-form-control wpcf7-text\" aria-invalid=\"false\" value=\"\" type=\"text\" name=\"your-subject\" \/><\/span>\n<\/p>\n<p>Votre message\n<\/p>\n<p><span class=\"wpcf7-form-control-wrap\" data-name=\"your-message\"><textarea cols=\"40\" rows=\"10\" class=\"wpcf7-form-control wpcf7-textarea\" aria-invalid=\"false\" name=\"your-message\"><\/textarea><\/span>\n<\/p>\n<p><span class=\"wpcf7-form-control-wrap recaptcha\" data-name=\"recaptcha\"><span data-sitekey=\"6LckdqQUAAAAAFh3ziB9PVS-FB0GnZOetuWkS7al\" class=\"wpcf7-form-control g-recaptcha wpcf7-recaptcha\"><\/span><br \/>\n<noscript><\/p>\n<div class=\"grecaptcha-noscript\">\n\t\t<iframe src=\"https:\/\/www.google.com\/recaptcha\/api\/fallback?k=6LckdqQUAAAAAFh3ziB9PVS-FB0GnZOetuWkS7al\" frameborder=\"0\" scrolling=\"no\" width=\"310\" height=\"430\"><br \/>\n\t\t<\/iframe><br \/>\n\t\t<textarea name=\"g-recaptcha-response\" rows=\"3\" cols=\"40\" placeholder=\"reCaptcha Response Here\"><br \/>\n\t\t<\/textarea>\n\t<\/div>\n<p><\/noscript><br \/>\n<\/span><\/p>\n<p><input class=\"wpcf7-form-control has-spinner wpcf7-submit\" type=\"submit\" value=\"Envoyer\" \/>\n<\/p>\n<p style=\"display: none !important;\"><label>&#916;<textarea name=\"_wpcf7_ak_hp_textarea\" cols=\"45\" rows=\"8\" maxlength=\"100\"><\/textarea><\/label><input type=\"hidden\" id=\"ak_js_2\" name=\"_wpcf7_ak_js\" value=\"201\"\/><script>document.getElementById( \"ak_js_2\" ).setAttribute( \"value\", ( new Date() ).getTime() );<\/script><\/p>\n<div class=\"wpcf7-response-output\" aria-hidden=\"true\"><\/div>\n<\/form>\n<\/div>\n                 <\/div>\r\n          \t<div class=\"clear\"><\/div><\/div><div class=\"clear\"><\/div><\/div><div class=\"clear\"><\/div><\/div><div class=\"clear\"><\/div><\/div><\/div>        <\/div><\/div><\/div>","protected":false},"excerpt":{"rendered":"<p>VISITEZ NOTRE MAGASINCeintures fl\u00e9ch\u00e9e \u00e0 vendre et plusieurs autres produits autochones \u00c0 PROPOS D&#039;\u00c9TCHIBOY \u00c9tchiboy est une compagnie m\u00e9tisse qui fabrique des produits culturels autochtones de haute qualit\u00e9. Culture et traditions Nous offrons des produits traditionnels de la culture m\u00e9tisse. \u00c9change direct et \u00e9quitable \u00c9tchiboy travaille avec un organisme Quechua de la r\u00e9gion rurale de [&hellip;]<\/p>\n","protected":false},"author":1,"featured_media":0,"parent":0,"menu_order":0,"comment_status":"closed","ping_status":"closed","template":"","meta":{"url":"","client":"","location":"","start_date":"","end_date":"","ngg_post_thumbnail":0},"_links":{"self":[{"href":"https:\/\/www.etchiboy.com\/fr\/wp-json\/wp\/v2\/pages\/19"}],"collection":[{"href":"https:\/\/www.etchiboy.com\/fr\/wp-json\/wp\/v2\/pages"}],"about":[{"href":"https:\/\/www.etchiboy.com\/fr\/wp-json\/wp\/v2\/types\/page"}],"author":[{"embeddable":true,"href":"https:\/\/www.etchiboy.com\/fr\/wp-json\/wp\/v2\/users\/1"}],"replies":[{"embeddable":true,"href":"https:\/\/www.etchiboy.com\/fr\/wp-json\/wp\/v2\/comments?post=19"}],"version-history":[{"count":64,"href":"https:\/\/www.etchiboy.com\/fr\/wp-json\/wp\/v2\/pages\/19\/revisions"}],"predecessor-version":[{"id":467,"href":"https:\/\/www.etchiboy.com\/fr\/wp-json\/wp\/v2\/pages\/19\/revisions\/467"}],"wp:attachment":[{"href":"https:\/\/www.etchiboy.com\/fr\/wp-json\/wp\/v2\/media?parent=19"}],"curies":[{"name":"wp","href":"https:\/\/api.w.org\/{rel}","templated":true}]}}