{"id":840,"date":"2014-08-11T04:52:07","date_gmt":"2014-08-11T04:52:07","guid":{"rendered":"http:\/\/demo.klasikthemes.com\/klasiktest\/?page_id=840"},"modified":"2025-02-21T07:18:59","modified_gmt":"2025-02-21T07:18:59","slug":"about","status":"publish","type":"page","link":"https:\/\/www.etchiboy.com\/en\/about\/","title":{"rendered":"About"},"content":{"rendered":"<div id=\"pl-840\"  class=\"panel-layout\" ><div id=\"pg-840-0\"  class=\"panel-grid panel-no-style\" ><div id=\"pgc-840-0-0\"  class=\"panel-grid-cell\" >          <div id=\"panel-840-0-0-0\" class=\"textaligncenter so-panel widget widget_klasik-text-widget widget_klasik_text panel-first-child panel-last-child\" data-index=\"0\" ><div class=\"all-widget-container  fullwidth\" style=\"  \"><div class=\"opacity\" style=\"\"><div class=\"all-widget-wrapper\" style=\"\"><div class=\"klasik-text-widget-wrapper\"  style=\"\"><h3 class=\"widget-title\">About Us<span class=\"line-wrap\"><span class=\"line\"><\/span><\/span><\/h3>\t\t\t\t<div class=\"text-block \">\r\n\t\t\t\t<p>\u00c9tchiboy is a M\u00e9tis company which creates high quality indigenous products. When you buy one of our products you are also supporting single mothers who are Quechua from the Andes in the region around Cusco, Peru.<\/p>\n                 <\/div>\r\n          \t<div class=\"clear\"><\/div><\/div><div class=\"clear\"><\/div><\/div><div class=\"clear\"><\/div><\/div><div class=\"clear\"><\/div><\/div><\/div>        <\/div><\/div><div id=\"pg-840-1\"  class=\"panel-grid panel-no-style\" ><div id=\"pgc-840-1-0\"  class=\"panel-grid-cell\" ><div id=\"panel-840-1-0-0\" class=\"so-panel widget widget_siteorigin-panels-builder panel-first-child panel-last-child\" data-index=\"1\" ><div id=\"pl-w640023a2e35ef\"  class=\"panel-layout\" ><div id=\"pg-w640023a2e35ef-0\"  class=\"panel-grid panel-no-style\" ><div id=\"pgc-w640023a2e35ef-0-0\"  class=\"panel-grid-cell\" ><div id=\"panel-w640023a2e35ef-0-0-0\" class=\"so-panel widget widget_black-studio-tinymce widget_black_studio_tinymce panel-first-child panel-last-child\" data-index=\"0\" ><div class=\"textwidget\"><hr \/>\n<p>\u00a0<\/p>\n<\/div><\/div><\/div><\/div><\/div><\/div><\/div><\/div><div id=\"pg-840-2\"  class=\"panel-grid panel-no-style\" ><div id=\"pgc-840-2-0\"  class=\"panel-grid-cell\" >          <div id=\"panel-840-2-0-0\" class=\"textaligncenter so-panel widget widget_klasik-text-widget widget_klasik_text panel-first-child panel-last-child\" data-index=\"2\" ><div class=\"all-widget-container  fullwidth\" style=\"  \"><div class=\"opacity\" style=\"\"><div class=\"all-widget-wrapper\" style=\"\"><div class=\"klasik-text-widget-wrapper\"  style=\"\"><h3 class=\"widget-title\">\u00c9TCHIBOY IN THE NEWS<span class=\"line-wrap\"><span class=\"line\"><\/span><\/span><\/h3>\t\t\t\t<div class=\"text-block \">\r\n\t\t\t\t                 <\/div>\r\n          \t<div class=\"clear\"><\/div><\/div><div class=\"clear\"><\/div><\/div><div class=\"clear\"><\/div><\/div><div class=\"clear\"><\/div><\/div><\/div>        <\/div><\/div><div id=\"pg-840-3\"  class=\"panel-grid panel-no-style\" ><div id=\"pgc-840-3-0\"  class=\"panel-grid-cell\" ><div id=\"panel-840-3-0-0\" class=\"so-panel widget widget_black-studio-tinymce widget_black_studio_tinymce panel-first-child panel-last-child\" data-index=\"3\" ><div class=\"textwidget\"><p style=\"text-align: center;\"><a href=\"https:\/\/www.etchiboy.com\/en\/wp-content\/uploads\/2014\/08\/etchiboy-large.jpg\"><img class=\"wp-image-1429  aligncenter\" src=\"https:\/\/www.etchiboy.com\/en\/wp-content\/uploads\/2014\/08\/etchiboy-large-300x38.jpg\" alt=\"\" width=\"1368\" height=\"173\" \/><\/a><\/p>\n<\/div><\/div><\/div><\/div><div id=\"pg-840-4\"  class=\"panel-grid panel-no-style\" ><div id=\"pgc-840-4-0\"  class=\"panel-grid-cell\" >          <div id=\"panel-840-4-0-0\" class=\"so-panel widget widget_klasik-text-widget widget_klasik_text panel-first-child panel-last-child\" data-index=\"4\" ><div class=\"all-widget-container  boxed\" style=\"  \"><div class=\"opacity\" style=\"\"><div class=\"all-widget-wrapper\" style=\"\">\r\n                \t\t<div class=\"container\">\r\n                    \t<div class=\"row\">\r\n                        <div class=\"twelve columns\">\r\n\t\t\t\t\t <div class=\"klasik-text-widget-wrapper\"  style=\"\">\t\t\t\t<div class=\"text-block \">\r\n\t\t\t\t                 <\/div>\r\n          \t<div class=\"clear\"><\/div><\/div>                        \r\n\t\t\t\t\t\t<\/div>\r\n                    \t<\/div>\r\n                \t\t<\/div><div class=\"clear\"><\/div><\/div><div class=\"clear\"><\/div><\/div><div class=\"clear\"><\/div><\/div><\/div>        <\/div><\/div><div id=\"pg-840-5\"  class=\"panel-grid panel-no-style\" ><div id=\"pgc-840-5-0\"  class=\"panel-grid-cell panel-grid-cell-empty\" ><\/div><div id=\"pgc-840-5-1\"  class=\"panel-grid-cell panel-grid-cell-mobile-last\" >          <div id=\"panel-840-5-1-0\" class=\"textaligncenter so-panel widget widget_klasik-text-widget widget_klasik_text panel-first-child panel-last-child\" data-index=\"5\" ><div class=\"all-widget-container  fullwidth\" style=\"  \"><div class=\"opacity\" style=\"\"><div class=\"all-widget-wrapper\" style=\"\"><div class=\"klasik-text-widget-wrapper\"  style=\"\"><h3 class=\"widget-title\">The Canadian-Peruvian partnership weaving cultures to create ceinture fl\u00e9ch\u00e9es<span class=\"widget-subtitle-wrap\"><span class=\"widget-subtitle\">By: Katherine Dow from CTV News<\/span><span class=\"line\"><\/span><\/span><span class=\"line-wrap\"><span class=\"line\"><\/span><\/span><\/h3>\t\t\t\t<div class=\"text-block \">\r\n\t\t\t\t                 <\/div>\r\n          \t<div class=\"clear\"><\/div><\/div><div class=\"clear\"><\/div><\/div><div class=\"clear\"><\/div><\/div><div class=\"clear\"><\/div><\/div><\/div>        <\/div><div id=\"pgc-840-5-2\"  class=\"panel-grid-cell panel-grid-cell-empty\" ><\/div><\/div><div id=\"pg-840-6\"  class=\"panel-grid panel-no-style\" ><div id=\"pgc-840-6-0\"  class=\"panel-grid-cell panel-grid-cell-empty\" ><\/div><div id=\"pgc-840-6-1\"  class=\"panel-grid-cell panel-grid-cell-mobile-last\" ><div id=\"panel-840-6-1-0\" class=\"so-panel widget widget_sow-image panel-first-child panel-last-child\" data-index=\"6\" ><div\n\t\t\t\n\t\t\tclass=\"so-widget-sow-image so-widget-sow-image-default-8b5b6f678277-840\"\n\t\t\t\n\t\t>\n\n<div class=\"sow-image-container\">\n\t\t\t<a href=\"https:\/\/www.etchiboy.com\/en\/archives\/\"\n\t\t\ttarget=\"_blank\" rel=\"noopener noreferrer\" \t\t>\n\t\t\t<img src=\"https:\/\/www.etchiboy.com\/en\/wp-content\/uploads\/2025\/02\/Sans-titre.png\" width=\"2167\" height=\"1196\" srcset=\"https:\/\/www.etchiboy.com\/en\/wp-content\/uploads\/2025\/02\/Sans-titre.png 2167w, https:\/\/www.etchiboy.com\/en\/wp-content\/uploads\/2025\/02\/Sans-titre-300x166.png 300w, https:\/\/www.etchiboy.com\/en\/wp-content\/uploads\/2025\/02\/Sans-titre-1024x565.png 1024w, https:\/\/www.etchiboy.com\/en\/wp-content\/uploads\/2025\/02\/Sans-titre-768x424.png 768w, https:\/\/www.etchiboy.com\/en\/wp-content\/uploads\/2025\/02\/Sans-titre-1536x848.png 1536w, https:\/\/www.etchiboy.com\/en\/wp-content\/uploads\/2025\/02\/Sans-titre-2048x1130.png 2048w\" sizes=\"(max-width: 2167px) 100vw, 2167px\" title=\"The Canadian-Peruvian partnership weaving cultures to create ceinture fl\u00e9ch\u00e9es\" alt=\"The Canadian-Peruvian partnership weaving cultures to create ceinture fl\u00e9ch\u00e9es\" loading=\"lazy\" \t\tclass=\"so-widget-image\"\/>\n\t<\/a><\/div>\n\n<\/div><\/div><\/div><div id=\"pgc-840-6-2\"  class=\"panel-grid-cell panel-grid-cell-empty\" ><\/div><\/div><div id=\"pg-840-7\"  class=\"panel-grid panel-no-style\" ><div id=\"pgc-840-7-0\"  class=\"panel-grid-cell\" >          <div id=\"panel-840-7-0-0\" class=\"textaligncenter so-panel widget widget_klasik-text-widget widget_klasik_text panel-first-child panel-last-child\" data-index=\"7\" ><div class=\"all-widget-container  fullwidth\" style=\"  \"><div class=\"opacity\" style=\"\"><div class=\"all-widget-wrapper\" style=\"\"><div class=\"klasik-text-widget-wrapper\"  style=\"\"><h3 class=\"widget-title\">Miguel Vielfaure was interviewed <span class=\"widget-subtitle-wrap\"><span class=\"widget-subtitle\">by Marcy Marcusa on CBC 98,3 FM<\/span><span class=\"line\"><\/span><\/span><span class=\"line-wrap\"><span class=\"line\"><\/span><\/span><\/h3>\t\t\t\t<div class=\"text-block \">\r\n\t\t\t\t                 <\/div>\r\n          \t<div class=\"clear\"><\/div><\/div><div class=\"clear\"><\/div><\/div><div class=\"clear\"><\/div><\/div><div class=\"clear\"><\/div><\/div><\/div>        <\/div><div id=\"pgc-840-7-1\"  class=\"panel-grid-cell\" >          <div id=\"panel-840-7-1-0\" class=\"textaligncenter so-panel widget widget_klasik-text-widget widget_klasik_text panel-first-child panel-last-child\" data-index=\"8\" ><div class=\"all-widget-container  fullwidth\" style=\"  \"><div class=\"opacity\" style=\"\"><div class=\"all-widget-wrapper\" style=\"\"><div class=\"klasik-text-widget-wrapper\"  style=\"\"><h3 class=\"widget-title\">Etchiboy is the only fair trade metis product vendor in Manitoba.<span class=\"widget-subtitle-wrap\"><span class=\"widget-subtitle\">By: Camille S\u00e9guy from La Libert\u00e9 for the Winnipeg Free Press<\/span><span class=\"line\"><\/span><\/span><span class=\"line-wrap\"><span class=\"line\"><\/span><\/span><\/h3>\t\t\t\t<div class=\"text-block \">\r\n\t\t\t\t                 <\/div>\r\n          \t<div class=\"clear\"><\/div><\/div><div class=\"clear\"><\/div><\/div><div class=\"clear\"><\/div><\/div><div class=\"clear\"><\/div><\/div><\/div>        <\/div><div id=\"pgc-840-7-2\"  class=\"panel-grid-cell\" >          <div id=\"panel-840-7-2-0\" class=\"textaligncenter so-panel widget widget_klasik-text-widget widget_klasik_text panel-first-child panel-last-child\" data-index=\"9\" ><div class=\"all-widget-container  fullwidth\" style=\"  \"><div class=\"opacity\" style=\"\"><div class=\"all-widget-wrapper\" style=\"\"><div class=\"klasik-text-widget-wrapper\"  style=\"\"><h3 class=\"widget-title\">It&#039;s a Small World <span class=\"widget-subtitle-wrap\"><span class=\"widget-subtitle\">by Raymond Poirier<\/span><span class=\"line\"><\/span><\/span><span class=\"line-wrap\"><span class=\"line\"><\/span><\/span><\/h3>\t\t\t\t<div class=\"text-block \">\r\n\t\t\t\t                 <\/div>\r\n          \t<div class=\"clear\"><\/div><\/div><div class=\"clear\"><\/div><\/div><div class=\"clear\"><\/div><\/div><div class=\"clear\"><\/div><\/div><\/div>        <\/div><\/div><div id=\"pg-840-8\"  class=\"panel-grid panel-no-style\" ><div id=\"pgc-840-8-0\"  class=\"panel-grid-cell\" ><div id=\"panel-840-8-0-0\" class=\"so-panel widget widget_sow-image panel-first-child panel-last-child\" data-index=\"10\" ><div\n\t\t\t\n\t\t\tclass=\"so-widget-sow-image so-widget-sow-image-default-dbf295114b96-840\"\n\t\t\t\n\t\t>\n\n<div class=\"sow-image-container\">\n\t\t\t<a href=\"http:\/\/www.etchiboy.com\/audio\/Miguel_cbc_etchiboy.mp2\"\n\t\t\ttarget=\"_blank\" rel=\"noopener noreferrer\" \t\t>\n\t\t\t<img src=\"https:\/\/www.etchiboy.com\/en\/wp-content\/uploads\/2014\/08\/mic.png\" width=\"320\" height=\"240\" srcset=\"https:\/\/www.etchiboy.com\/en\/wp-content\/uploads\/2014\/08\/mic.png 320w, https:\/\/www.etchiboy.com\/en\/wp-content\/uploads\/2014\/08\/mic-300x225.png 300w\" sizes=\"(max-width: 320px) 100vw, 320px\" alt=\"\" loading=\"lazy\" \t\tclass=\"so-widget-image\"\/>\n\t<\/a><\/div>\n\n<\/div><\/div><\/div><div id=\"pgc-840-8-1\"  class=\"panel-grid-cell\" ><div id=\"panel-840-8-1-0\" class=\"so-panel widget widget_sow-image panel-first-child panel-last-child\" data-index=\"11\" ><div\n\t\t\t\n\t\t\tclass=\"so-widget-sow-image so-widget-sow-image-default-8b5b6f678277-840\"\n\t\t\t\n\t\t>\n\n<div class=\"sow-image-container\">\n\t\t\t<a href=\"https:\/\/www.etchiboy.com\/en\/archives\/\"\n\t\t\ttarget=\"_blank\" rel=\"noopener noreferrer\" \t\t>\n\t\t\t<img src=\"https:\/\/www.etchiboy.com\/en\/wp-content\/uploads\/2014\/08\/311415.png\" width=\"320\" height=\"240\" srcset=\"https:\/\/www.etchiboy.com\/en\/wp-content\/uploads\/2014\/08\/311415.png 320w, https:\/\/www.etchiboy.com\/en\/wp-content\/uploads\/2014\/08\/311415-300x225.png 300w\" sizes=\"(max-width: 320px) 100vw, 320px\" alt=\"\" loading=\"lazy\" \t\tclass=\"so-widget-image\"\/>\n\t<\/a><\/div>\n\n<\/div><\/div><\/div><div id=\"pgc-840-8-2\"  class=\"panel-grid-cell\" ><div id=\"panel-840-8-2-0\" class=\"so-panel widget widget_sow-image panel-first-child panel-last-child\" data-index=\"12\" ><div\n\t\t\t\n\t\t\tclass=\"so-widget-sow-image so-widget-sow-image-default-8b5b6f678277-840\"\n\t\t\t\n\t\t>\n\n<div class=\"sow-image-container\">\n\t\t\t<a href=\"https:\/\/www.etchiboy.com\/en\/small_world\/\"\n\t\t\ttarget=\"_blank\" rel=\"noopener noreferrer\" \t\t>\n\t\t\t<img src=\"https:\/\/www.etchiboy.com\/en\/wp-content\/uploads\/2014\/08\/Raymond1-petit.png\" width=\"320\" height=\"240\" srcset=\"https:\/\/www.etchiboy.com\/en\/wp-content\/uploads\/2014\/08\/Raymond1-petit.png 320w, https:\/\/www.etchiboy.com\/en\/wp-content\/uploads\/2014\/08\/Raymond1-petit-300x225.png 300w\" sizes=\"(max-width: 320px) 100vw, 320px\" title=\"Raymond1 petit\" alt=\"\" loading=\"lazy\" \t\tclass=\"so-widget-image\"\/>\n\t<\/a><\/div>\n\n<\/div><\/div><\/div><\/div><\/div>","protected":false},"excerpt":{"rendered":"<p>About Us \u00c9tchiboy is a M\u00e9tis company which creates high quality indigenous products. When you buy one of our products you are also supporting single mothers who are Quechua from the Andes in the region around Cusco, Peru. \u00a0 \u00c9TCHIBOY IN THE NEWS The Canadian-Peruvian partnership weaving cultures to create ceinture fl\u00e9ch\u00e9esBy: Katherine Dow from [&hellip;]<\/p>\n","protected":false},"author":1,"featured_media":0,"parent":0,"menu_order":0,"comment_status":"closed","ping_status":"closed","template":"","meta":[],"yoast_head":"<!-- This site is optimized with the Yoast SEO plugin v20.7 - https:\/\/yoast.com\/wordpress\/plugins\/seo\/ -->\n<title>About - Etchiboy M\u00e9tis sash experts<\/title>\n<meta name=\"robots\" content=\"index, follow, max-snippet:-1, max-image-preview:large, max-video-preview:-1\" \/>\n<link rel=\"canonical\" href=\"https:\/\/www.etchiboy.com\/en\/about\/\" \/>\n<meta property=\"og:locale\" content=\"en_US\" \/>\n<meta property=\"og:type\" content=\"article\" \/>\n<meta property=\"og:title\" content=\"About - Etchiboy M\u00e9tis sash experts\" \/>\n<meta property=\"og:description\" content=\"About Us \u00c9tchiboy is a M\u00e9tis company which creates high quality indigenous products. When you buy one of our products you are also supporting single mothers who are Quechua from the Andes in the region around Cusco, Peru. \u00a0 \u00c9TCHIBOY IN THE NEWS The Canadian-Peruvian partnership weaving cultures to create ceinture fl\u00e9ch\u00e9esBy: Katherine Dow from [&hellip;]\" \/>\n<meta property=\"og:url\" content=\"https:\/\/www.etchiboy.com\/en\/about\/\" \/>\n<meta property=\"og:site_name\" content=\"Etchiboy M\u00e9tis sash experts\" \/>\n<meta property=\"article:modified_time\" content=\"2025-02-21T07:18:59+00:00\" \/>\n<meta property=\"og:image\" content=\"https:\/\/www.etchiboy.com\/en\/wp-content\/uploads\/2014\/08\/etchiboy-large-300x38.jpg\" \/>\n<meta name=\"twitter:card\" content=\"summary_large_image\" \/>\n<meta name=\"twitter:label1\" content=\"Est. reading time\" \/>\n\t<meta name=\"twitter:data1\" content=\"1 minute\" \/>\n<script type=\"application\/ld+json\" class=\"yoast-schema-graph\">{\"@context\":\"https:\/\/schema.org\",\"@graph\":[{\"@type\":\"WebPage\",\"@id\":\"https:\/\/www.etchiboy.com\/en\/about\/\",\"url\":\"https:\/\/www.etchiboy.com\/en\/about\/\",\"name\":\"About - Etchiboy M\u00e9tis sash experts\",\"isPartOf\":{\"@id\":\"https:\/\/www.etchiboy.com\/en\/#website\"},\"datePublished\":\"2014-08-11T04:52:07+00:00\",\"dateModified\":\"2025-02-21T07:18:59+00:00\",\"breadcrumb\":{\"@id\":\"https:\/\/www.etchiboy.com\/en\/about\/#breadcrumb\"},\"inLanguage\":\"en-CA\",\"potentialAction\":[{\"@type\":\"ReadAction\",\"target\":[\"https:\/\/www.etchiboy.com\/en\/about\/\"]}]},{\"@type\":\"BreadcrumbList\",\"@id\":\"https:\/\/www.etchiboy.com\/en\/about\/#breadcrumb\",\"itemListElement\":[{\"@type\":\"ListItem\",\"position\":1,\"name\":\"Home\",\"item\":\"https:\/\/www.etchiboy.com\/en\/\"},{\"@type\":\"ListItem\",\"position\":2,\"name\":\"About\"}]},{\"@type\":\"WebSite\",\"@id\":\"https:\/\/www.etchiboy.com\/en\/#website\",\"url\":\"https:\/\/www.etchiboy.com\/en\/\",\"name\":\"Etchiboy M\u00e9tis sash experts\",\"description\":\"M\u00e9tis sash, voyageur tuques, ceintures fl\u00e9ch\u00e9es and many more\",\"potentialAction\":[{\"@type\":\"SearchAction\",\"target\":{\"@type\":\"EntryPoint\",\"urlTemplate\":\"https:\/\/www.etchiboy.com\/en\/?s={search_term_string}\"},\"query-input\":\"required name=search_term_string\"}],\"inLanguage\":\"en-CA\"}]}<\/script>\n<!-- \/ Yoast SEO plugin. -->","yoast_head_json":{"title":"About - Etchiboy M\u00e9tis sash experts","robots":{"index":"index","follow":"follow","max-snippet":"max-snippet:-1","max-image-preview":"max-image-preview:large","max-video-preview":"max-video-preview:-1"},"canonical":"https:\/\/www.etchiboy.com\/en\/about\/","og_locale":"en_US","og_type":"article","og_title":"About - Etchiboy M\u00e9tis sash experts","og_description":"About Us \u00c9tchiboy is a M\u00e9tis company which creates high quality indigenous products. When you buy one of our products you are also supporting single mothers who are Quechua from the Andes in the region around Cusco, Peru. \u00a0 \u00c9TCHIBOY IN THE NEWS The Canadian-Peruvian partnership weaving cultures to create ceinture fl\u00e9ch\u00e9esBy: Katherine Dow from [&hellip;]","og_url":"https:\/\/www.etchiboy.com\/en\/about\/","og_site_name":"Etchiboy M\u00e9tis sash experts","article_modified_time":"2025-02-21T07:18:59+00:00","og_image":[{"url":"https:\/\/www.etchiboy.com\/en\/wp-content\/uploads\/2014\/08\/etchiboy-large-300x38.jpg"}],"twitter_card":"summary_large_image","twitter_misc":{"Est. reading time":"1 minute"},"schema":{"@context":"https:\/\/schema.org","@graph":[{"@type":"WebPage","@id":"https:\/\/www.etchiboy.com\/en\/about\/","url":"https:\/\/www.etchiboy.com\/en\/about\/","name":"About - Etchiboy M\u00e9tis sash experts","isPartOf":{"@id":"https:\/\/www.etchiboy.com\/en\/#website"},"datePublished":"2014-08-11T04:52:07+00:00","dateModified":"2025-02-21T07:18:59+00:00","breadcrumb":{"@id":"https:\/\/www.etchiboy.com\/en\/about\/#breadcrumb"},"inLanguage":"en-CA","potentialAction":[{"@type":"ReadAction","target":["https:\/\/www.etchiboy.com\/en\/about\/"]}]},{"@type":"BreadcrumbList","@id":"https:\/\/www.etchiboy.com\/en\/about\/#breadcrumb","itemListElement":[{"@type":"ListItem","position":1,"name":"Home","item":"https:\/\/www.etchiboy.com\/en\/"},{"@type":"ListItem","position":2,"name":"About"}]},{"@type":"WebSite","@id":"https:\/\/www.etchiboy.com\/en\/#website","url":"https:\/\/www.etchiboy.com\/en\/","name":"Etchiboy M\u00e9tis sash experts","description":"M\u00e9tis sash, voyageur tuques, ceintures fl\u00e9ch\u00e9es and many more","potentialAction":[{"@type":"SearchAction","target":{"@type":"EntryPoint","urlTemplate":"https:\/\/www.etchiboy.com\/en\/?s={search_term_string}"},"query-input":"required name=search_term_string"}],"inLanguage":"en-CA"}]}},"_links":{"self":[{"href":"https:\/\/www.etchiboy.com\/en\/wp-json\/wp\/v2\/pages\/840"}],"collection":[{"href":"https:\/\/www.etchiboy.com\/en\/wp-json\/wp\/v2\/pages"}],"about":[{"href":"https:\/\/www.etchiboy.com\/en\/wp-json\/wp\/v2\/types\/page"}],"author":[{"embeddable":true,"href":"https:\/\/www.etchiboy.com\/en\/wp-json\/wp\/v2\/users\/1"}],"replies":[{"embeddable":true,"href":"https:\/\/www.etchiboy.com\/en\/wp-json\/wp\/v2\/comments?post=840"}],"version-history":[{"count":4,"href":"https:\/\/www.etchiboy.com\/en\/wp-json\/wp\/v2\/pages\/840\/revisions"}],"predecessor-version":[{"id":2176,"href":"https:\/\/www.etchiboy.com\/en\/wp-json\/wp\/v2\/pages\/840\/revisions\/2176"}],"wp:attachment":[{"href":"https:\/\/www.etchiboy.com\/en\/wp-json\/wp\/v2\/media?parent=840"}],"curies":[{"name":"wp","href":"https:\/\/api.w.org\/{rel}","templated":true}]}}