{"id":2121,"date":"2019-11-27T18:17:03","date_gmt":"2019-11-27T18:17:03","guid":{"rendered":"http:\/\/www.etchiboy.com\/en\/?page_id=2121"},"modified":"2019-11-27T19:59:06","modified_gmt":"2019-11-27T19:59:06","slug":"contactez-nous","status":"publish","type":"page","link":"https:\/\/www.etchiboy.com\/en\/fr\/contactez-nous\/","title":{"rendered":"Contactez-nous"},"content":{"rendered":"<div id=\"pl-2121\"  class=\"panel-layout\" ><div id=\"pg-2121-0\"  class=\"panel-grid panel-no-style\" ><div id=\"pgc-2121-0-0\"  class=\"panel-grid-cell\" >          <div id=\"panel-2121-0-0-0\" class=\"textaligncenter so-panel widget widget_klasik-text-widget widget_klasik_text panel-first-child panel-last-child\" data-index=\"0\" ><div class=\"all-widget-container  fullwidth\" style=\"  \"><div class=\"opacity\" style=\"\"><div class=\"all-widget-wrapper\" style=\"\"><div class=\"klasik-text-widget-wrapper\"  style=\"\"><h3 class=\"widget-title\">REMPLISSEZ LE FORMULAIRE POUR NOUS CONTACTER<span class=\"line-wrap\"><span class=\"line\"><\/span><\/span><\/h3>\t\t\t\t<div class=\"text-block \">\r\n\t\t\t\t                 <\/div>\r\n          \t<div class=\"clear\"><\/div><\/div><div class=\"clear\"><\/div><\/div><div class=\"clear\"><\/div><\/div><div class=\"clear\"><\/div><\/div><\/div>        <\/div><\/div><div id=\"pg-2121-1\"  class=\"panel-grid panel-no-style\" ><div id=\"pgc-2121-1-0\"  class=\"panel-grid-cell\" >          <div id=\"panel-2121-1-0-0\" class=\"textaligncenter so-panel widget widget_klasik-text-widget widget_klasik_text panel-first-child panel-last-child\" data-index=\"1\" ><div class=\"all-widget-container  fullwidth\" style=\"background-image:url(https:\/\/www.etchiboy.com\/enwpechi\/wp-content\/uploads\/2013\/11\/geometry_@2X.png);  border-bottom:1px;  \"><div class=\"opacity\" style=\"\"><div class=\"all-widget-wrapper\" style=\"\"><div class=\"klasik-text-widget-wrapper\"  style=\"\">\t\t\t\t<div class=\"text-block \">\r\n\t\t\t\t<div class=\"wpcf7 no-js\" id=\"wpcf7-f2148-o1\" lang=\"en-CA\" dir=\"ltr\">\n<div class=\"screen-reader-response\">\n<p role=\"status\" aria-live=\"polite\" aria-atomic=\"true\">\n<ul><\/ul>\n<\/div>\n<form action=\"\/en\/wp-json\/wp\/v2\/pages\/2121#wpcf7-f2148-o1\" method=\"post\" class=\"wpcf7-form init\" aria-label=\"Contact form\" novalidate=\"novalidate\" data-status=\"init\">\n<div style=\"display: none;\">\n<input type=\"hidden\" name=\"_wpcf7\" value=\"2148\" \/><br \/>\n<input type=\"hidden\" name=\"_wpcf7_version\" value=\"5.7.6\" \/><br \/>\n<input type=\"hidden\" name=\"_wpcf7_locale\" value=\"en_CA\" \/><br \/>\n<input type=\"hidden\" name=\"_wpcf7_unit_tag\" value=\"wpcf7-f2148-o1\" \/><br \/>\n<input type=\"hidden\" name=\"_wpcf7_container_post\" value=\"0\" \/><br \/>\n<input type=\"hidden\" name=\"_wpcf7_posted_data_hash\" value=\"\" \/>\n<\/div>\n<p>Nom\n<\/p>\n<p><span class=\"wpcf7-form-control-wrap\" data-name=\"your-name\"><input size=\"40\" class=\"wpcf7-form-control wpcf7-text wpcf7-validates-as-required\" aria-required=\"true\" aria-invalid=\"false\" value=\"\" type=\"text\" name=\"your-name\" \/><\/span>\n<\/p>\n<p>Courriel\n<\/p>\n<p><span class=\"wpcf7-form-control-wrap\" data-name=\"your-email\"><input size=\"40\" class=\"wpcf7-form-control wpcf7-text wpcf7-email wpcf7-validates-as-required wpcf7-validates-as-email\" aria-required=\"true\" aria-invalid=\"false\" value=\"\" type=\"email\" name=\"your-email\" \/><\/span>\n<\/p>\n<p>Sujet\n<\/p>\n<p><span class=\"wpcf7-form-control-wrap\" data-name=\"your-subject\"><input size=\"40\" class=\"wpcf7-form-control wpcf7-text\" aria-invalid=\"false\" value=\"\" type=\"text\" name=\"your-subject\" \/><\/span>\n<\/p>\n<p>Votre message\n<\/p>\n<p><span class=\"wpcf7-form-control-wrap\" data-name=\"your-message\"><textarea cols=\"40\" rows=\"10\" class=\"wpcf7-form-control wpcf7-textarea\" aria-invalid=\"false\" name=\"your-message\"><\/textarea><\/span>\n<\/p>\n<p>[recaptcha]\n<\/p>\n<p><input class=\"wpcf7-form-control has-spinner wpcf7-submit\" type=\"submit\" value=\"Envoyer\" \/>\n<\/p>\n<div class=\"wpcf7-response-output\" aria-hidden=\"true\"><\/div>\n<\/form>\n<\/div>\n                 <\/div>\r\n          \t<div class=\"clear\"><\/div><\/div><div class=\"clear\"><\/div><\/div><div class=\"clear\"><\/div><\/div><div class=\"clear\"><\/div><\/div><\/div>        <\/div><\/div><\/div>","protected":false},"excerpt":{"rendered":"<p>REMPLISSEZ LE FORMULAIRE POUR NOUS CONTACTER Nom Courriel Sujet Votre message [recaptcha]<\/p>\n","protected":false},"author":1,"featured_media":0,"parent":0,"menu_order":0,"comment_status":"closed","ping_status":"closed","template":"","meta":[],"yoast_head":"<!-- This site is optimized with the Yoast SEO plugin v20.7 - https:\/\/yoast.com\/wordpress\/plugins\/seo\/ -->\n<title>Contactez-nous - Etchiboy M\u00e9tis sash experts<\/title>\n<meta name=\"robots\" content=\"index, follow, max-snippet:-1, max-image-preview:large, max-video-preview:-1\" \/>\n<link rel=\"canonical\" href=\"https:\/\/www.etchiboy.com\/en\/fr\/contactez-nous\/\" \/>\n<meta property=\"og:locale\" content=\"en_US\" \/>\n<meta property=\"og:type\" content=\"article\" \/>\n<meta property=\"og:title\" content=\"Contactez-nous - Etchiboy M\u00e9tis sash experts\" \/>\n<meta property=\"og:description\" content=\"REMPLISSEZ LE FORMULAIRE POUR NOUS CONTACTER Nom Courriel Sujet Votre message [recaptcha]\" \/>\n<meta property=\"og:url\" content=\"https:\/\/www.etchiboy.com\/en\/fr\/contactez-nous\/\" \/>\n<meta property=\"og:site_name\" content=\"Etchiboy M\u00e9tis sash experts\" \/>\n<meta property=\"article:modified_time\" content=\"2019-11-27T19:59:06+00:00\" \/>\n<meta name=\"twitter:card\" content=\"summary_large_image\" \/>\n<script type=\"application\/ld+json\" class=\"yoast-schema-graph\">{\"@context\":\"https:\/\/schema.org\",\"@graph\":[{\"@type\":\"WebPage\",\"@id\":\"https:\/\/www.etchiboy.com\/en\/fr\/contactez-nous\/\",\"url\":\"https:\/\/www.etchiboy.com\/en\/fr\/contactez-nous\/\",\"name\":\"Contactez-nous - Etchiboy M\u00e9tis sash experts\",\"isPartOf\":{\"@id\":\"https:\/\/www.etchiboy.com\/en\/#website\"},\"datePublished\":\"2019-11-27T18:17:03+00:00\",\"dateModified\":\"2019-11-27T19:59:06+00:00\",\"breadcrumb\":{\"@id\":\"https:\/\/www.etchiboy.com\/en\/fr\/contactez-nous\/#breadcrumb\"},\"inLanguage\":\"en-CA\",\"potentialAction\":[{\"@type\":\"ReadAction\",\"target\":[\"https:\/\/www.etchiboy.com\/en\/fr\/contactez-nous\/\"]}]},{\"@type\":\"BreadcrumbList\",\"@id\":\"https:\/\/www.etchiboy.com\/en\/fr\/contactez-nous\/#breadcrumb\",\"itemListElement\":[{\"@type\":\"ListItem\",\"position\":1,\"name\":\"Home\",\"item\":\"https:\/\/www.etchiboy.com\/en\/\"},{\"@type\":\"ListItem\",\"position\":2,\"name\":\"Contactez-nous\"}]},{\"@type\":\"WebSite\",\"@id\":\"https:\/\/www.etchiboy.com\/en\/#website\",\"url\":\"https:\/\/www.etchiboy.com\/en\/\",\"name\":\"Etchiboy M\u00e9tis sash experts\",\"description\":\"M\u00e9tis sash, voyageur tuques, ceintures fl\u00e9ch\u00e9es and many more\",\"potentialAction\":[{\"@type\":\"SearchAction\",\"target\":{\"@type\":\"EntryPoint\",\"urlTemplate\":\"https:\/\/www.etchiboy.com\/en\/?s={search_term_string}\"},\"query-input\":\"required name=search_term_string\"}],\"inLanguage\":\"en-CA\"}]}<\/script>\n<!-- \/ Yoast SEO plugin. -->","yoast_head_json":{"title":"Contactez-nous - Etchiboy M\u00e9tis sash experts","robots":{"index":"index","follow":"follow","max-snippet":"max-snippet:-1","max-image-preview":"max-image-preview:large","max-video-preview":"max-video-preview:-1"},"canonical":"https:\/\/www.etchiboy.com\/en\/fr\/contactez-nous\/","og_locale":"en_US","og_type":"article","og_title":"Contactez-nous - Etchiboy M\u00e9tis sash experts","og_description":"REMPLISSEZ LE FORMULAIRE POUR NOUS CONTACTER Nom Courriel Sujet Votre message [recaptcha]","og_url":"https:\/\/www.etchiboy.com\/en\/fr\/contactez-nous\/","og_site_name":"Etchiboy M\u00e9tis sash experts","article_modified_time":"2019-11-27T19:59:06+00:00","twitter_card":"summary_large_image","schema":{"@context":"https:\/\/schema.org","@graph":[{"@type":"WebPage","@id":"https:\/\/www.etchiboy.com\/en\/fr\/contactez-nous\/","url":"https:\/\/www.etchiboy.com\/en\/fr\/contactez-nous\/","name":"Contactez-nous - Etchiboy M\u00e9tis sash experts","isPartOf":{"@id":"https:\/\/www.etchiboy.com\/en\/#website"},"datePublished":"2019-11-27T18:17:03+00:00","dateModified":"2019-11-27T19:59:06+00:00","breadcrumb":{"@id":"https:\/\/www.etchiboy.com\/en\/fr\/contactez-nous\/#breadcrumb"},"inLanguage":"en-CA","potentialAction":[{"@type":"ReadAction","target":["https:\/\/www.etchiboy.com\/en\/fr\/contactez-nous\/"]}]},{"@type":"BreadcrumbList","@id":"https:\/\/www.etchiboy.com\/en\/fr\/contactez-nous\/#breadcrumb","itemListElement":[{"@type":"ListItem","position":1,"name":"Home","item":"https:\/\/www.etchiboy.com\/en\/"},{"@type":"ListItem","position":2,"name":"Contactez-nous"}]},{"@type":"WebSite","@id":"https:\/\/www.etchiboy.com\/en\/#website","url":"https:\/\/www.etchiboy.com\/en\/","name":"Etchiboy M\u00e9tis sash experts","description":"M\u00e9tis sash, voyageur tuques, ceintures fl\u00e9ch\u00e9es and many more","potentialAction":[{"@type":"SearchAction","target":{"@type":"EntryPoint","urlTemplate":"https:\/\/www.etchiboy.com\/en\/?s={search_term_string}"},"query-input":"required name=search_term_string"}],"inLanguage":"en-CA"}]}},"_links":{"self":[{"href":"https:\/\/www.etchiboy.com\/en\/wp-json\/wp\/v2\/pages\/2121"}],"collection":[{"href":"https:\/\/www.etchiboy.com\/en\/wp-json\/wp\/v2\/pages"}],"about":[{"href":"https:\/\/www.etchiboy.com\/en\/wp-json\/wp\/v2\/types\/page"}],"author":[{"embeddable":true,"href":"https:\/\/www.etchiboy.com\/en\/wp-json\/wp\/v2\/users\/1"}],"replies":[{"embeddable":true,"href":"https:\/\/www.etchiboy.com\/en\/wp-json\/wp\/v2\/comments?post=2121"}],"version-history":[{"count":2,"href":"https:\/\/www.etchiboy.com\/en\/wp-json\/wp\/v2\/pages\/2121\/revisions"}],"predecessor-version":[{"id":2147,"href":"https:\/\/www.etchiboy.com\/en\/wp-json\/wp\/v2\/pages\/2121\/revisions\/2147"}],"wp:attachment":[{"href":"https:\/\/www.etchiboy.com\/en\/wp-json\/wp\/v2\/media?parent=2121"}],"curies":[{"name":"wp","href":"https:\/\/api.w.org\/{rel}","templated":true}]}}