{"id":2117,"date":"2019-11-27T18:15:19","date_gmt":"2019-11-27T18:15:19","guid":{"rendered":"http:\/\/www.etchiboy.com\/en\/?page_id=2117"},"modified":"2020-10-15T22:58:53","modified_gmt":"2020-10-15T22:58:53","slug":"ventes-en-gros","status":"publish","type":"page","link":"https:\/\/www.etchiboy.com\/en\/fr\/ventes-en-gros\/","title":{"rendered":"Ventes en gros"},"content":{"rendered":"<div id=\"pl-2117\"  class=\"panel-layout\" ><div id=\"pg-2117-0\"  class=\"panel-grid panel-no-style\" ><div id=\"pgc-2117-0-0\"  class=\"panel-grid-cell\" >          <div id=\"panel-2117-0-0-0\" class=\"textaligncenter so-panel widget widget_klasik-text-widget widget_klasik_text panel-first-child panel-last-child\" data-index=\"0\" ><div class=\"all-widget-container  boxed\" style=\"  \"><div class=\"opacity\" style=\"\"><div class=\"all-widget-wrapper\" style=\"\">\r\n                \t\t<div class=\"container\">\r\n                    \t<div class=\"row\">\r\n                        <div class=\"twelve columns\">\r\n\t\t\t\t\t <div class=\"klasik-text-widget-wrapper\"  style=\"\"><h3 class=\"widget-title\">VENTES EN GROS<span class=\"widget-subtitle-wrap\"><span class=\"widget-subtitle\">\u00c9tchiboy ventes en gros<\/span><span class=\"line\"><\/span><\/span><span class=\"line-wrap\"><span class=\"line\"><\/span><\/span><\/h3>\t\t\t\t<div class=\"text-block \">\r\n\t\t\t\t<p><strong>Nous vendons tous nos produits en gros. S'il vous plait nous contacter pour plus de renseignements.<\/strong><\/p>\n                 <\/div>\r\n          \t<div class=\"clear\"><\/div><\/div>                        \r\n\t\t\t\t\t\t<\/div>\r\n                    \t<\/div>\r\n                \t\t<\/div><div class=\"clear\"><\/div><\/div><div class=\"clear\"><\/div><\/div><div class=\"clear\"><\/div><\/div><\/div>        <\/div><\/div><\/div>","protected":false},"excerpt":{"rendered":"<p>VENTES EN GROS\u00c9tchiboy ventes en gros Nous vendons tous nos produits en gros. S&#8217;il vous plait nous contacter pour plus de renseignements.<\/p>\n","protected":false},"author":1,"featured_media":0,"parent":0,"menu_order":0,"comment_status":"closed","ping_status":"closed","template":"","meta":[],"yoast_head":"<!-- This site is optimized with the Yoast SEO plugin v20.7 - https:\/\/yoast.com\/wordpress\/plugins\/seo\/ -->\n<title>Ventes en gros - Etchiboy M\u00e9tis sash experts<\/title>\n<meta name=\"robots\" content=\"index, follow, max-snippet:-1, max-image-preview:large, max-video-preview:-1\" \/>\n<link rel=\"canonical\" href=\"https:\/\/www.etchiboy.com\/en\/fr\/ventes-en-gros\/\" \/>\n<meta property=\"og:locale\" content=\"en_US\" \/>\n<meta property=\"og:type\" content=\"article\" \/>\n<meta property=\"og:title\" content=\"Ventes en gros - Etchiboy M\u00e9tis sash experts\" \/>\n<meta property=\"og:description\" content=\"VENTES EN GROS\u00c9tchiboy ventes en gros Nous vendons tous nos produits en gros. S&#039;il vous plait nous contacter pour plus de renseignements.\" \/>\n<meta property=\"og:url\" content=\"https:\/\/www.etchiboy.com\/en\/fr\/ventes-en-gros\/\" \/>\n<meta property=\"og:site_name\" content=\"Etchiboy M\u00e9tis sash experts\" \/>\n<meta property=\"article:modified_time\" content=\"2020-10-15T22:58:53+00:00\" \/>\n<meta name=\"twitter:card\" content=\"summary_large_image\" \/>\n<script type=\"application\/ld+json\" class=\"yoast-schema-graph\">{\"@context\":\"https:\/\/schema.org\",\"@graph\":[{\"@type\":\"WebPage\",\"@id\":\"https:\/\/www.etchiboy.com\/en\/fr\/ventes-en-gros\/\",\"url\":\"https:\/\/www.etchiboy.com\/en\/fr\/ventes-en-gros\/\",\"name\":\"Ventes en gros - Etchiboy M\u00e9tis sash experts\",\"isPartOf\":{\"@id\":\"https:\/\/www.etchiboy.com\/en\/#website\"},\"datePublished\":\"2019-11-27T18:15:19+00:00\",\"dateModified\":\"2020-10-15T22:58:53+00:00\",\"breadcrumb\":{\"@id\":\"https:\/\/www.etchiboy.com\/en\/fr\/ventes-en-gros\/#breadcrumb\"},\"inLanguage\":\"en-CA\",\"potentialAction\":[{\"@type\":\"ReadAction\",\"target\":[\"https:\/\/www.etchiboy.com\/en\/fr\/ventes-en-gros\/\"]}]},{\"@type\":\"BreadcrumbList\",\"@id\":\"https:\/\/www.etchiboy.com\/en\/fr\/ventes-en-gros\/#breadcrumb\",\"itemListElement\":[{\"@type\":\"ListItem\",\"position\":1,\"name\":\"Home\",\"item\":\"https:\/\/www.etchiboy.com\/en\/\"},{\"@type\":\"ListItem\",\"position\":2,\"name\":\"Ventes en gros\"}]},{\"@type\":\"WebSite\",\"@id\":\"https:\/\/www.etchiboy.com\/en\/#website\",\"url\":\"https:\/\/www.etchiboy.com\/en\/\",\"name\":\"Etchiboy M\u00e9tis sash experts\",\"description\":\"M\u00e9tis sash, voyageur tuques, ceintures fl\u00e9ch\u00e9es and many more\",\"potentialAction\":[{\"@type\":\"SearchAction\",\"target\":{\"@type\":\"EntryPoint\",\"urlTemplate\":\"https:\/\/www.etchiboy.com\/en\/?s={search_term_string}\"},\"query-input\":\"required name=search_term_string\"}],\"inLanguage\":\"en-CA\"}]}<\/script>\n<!-- \/ Yoast SEO plugin. -->","yoast_head_json":{"title":"Ventes en gros - Etchiboy M\u00e9tis sash experts","robots":{"index":"index","follow":"follow","max-snippet":"max-snippet:-1","max-image-preview":"max-image-preview:large","max-video-preview":"max-video-preview:-1"},"canonical":"https:\/\/www.etchiboy.com\/en\/fr\/ventes-en-gros\/","og_locale":"en_US","og_type":"article","og_title":"Ventes en gros - Etchiboy M\u00e9tis sash experts","og_description":"VENTES EN GROS\u00c9tchiboy ventes en gros Nous vendons tous nos produits en gros. S'il vous plait nous contacter pour plus de renseignements.","og_url":"https:\/\/www.etchiboy.com\/en\/fr\/ventes-en-gros\/","og_site_name":"Etchiboy M\u00e9tis sash experts","article_modified_time":"2020-10-15T22:58:53+00:00","twitter_card":"summary_large_image","schema":{"@context":"https:\/\/schema.org","@graph":[{"@type":"WebPage","@id":"https:\/\/www.etchiboy.com\/en\/fr\/ventes-en-gros\/","url":"https:\/\/www.etchiboy.com\/en\/fr\/ventes-en-gros\/","name":"Ventes en gros - Etchiboy M\u00e9tis sash experts","isPartOf":{"@id":"https:\/\/www.etchiboy.com\/en\/#website"},"datePublished":"2019-11-27T18:15:19+00:00","dateModified":"2020-10-15T22:58:53+00:00","breadcrumb":{"@id":"https:\/\/www.etchiboy.com\/en\/fr\/ventes-en-gros\/#breadcrumb"},"inLanguage":"en-CA","potentialAction":[{"@type":"ReadAction","target":["https:\/\/www.etchiboy.com\/en\/fr\/ventes-en-gros\/"]}]},{"@type":"BreadcrumbList","@id":"https:\/\/www.etchiboy.com\/en\/fr\/ventes-en-gros\/#breadcrumb","itemListElement":[{"@type":"ListItem","position":1,"name":"Home","item":"https:\/\/www.etchiboy.com\/en\/"},{"@type":"ListItem","position":2,"name":"Ventes en gros"}]},{"@type":"WebSite","@id":"https:\/\/www.etchiboy.com\/en\/#website","url":"https:\/\/www.etchiboy.com\/en\/","name":"Etchiboy M\u00e9tis sash experts","description":"M\u00e9tis sash, voyageur tuques, ceintures fl\u00e9ch\u00e9es and many more","potentialAction":[{"@type":"SearchAction","target":{"@type":"EntryPoint","urlTemplate":"https:\/\/www.etchiboy.com\/en\/?s={search_term_string}"},"query-input":"required name=search_term_string"}],"inLanguage":"en-CA"}]}},"_links":{"self":[{"href":"https:\/\/www.etchiboy.com\/en\/wp-json\/wp\/v2\/pages\/2117"}],"collection":[{"href":"https:\/\/www.etchiboy.com\/en\/wp-json\/wp\/v2\/pages"}],"about":[{"href":"https:\/\/www.etchiboy.com\/en\/wp-json\/wp\/v2\/types\/page"}],"author":[{"embeddable":true,"href":"https:\/\/www.etchiboy.com\/en\/wp-json\/wp\/v2\/users\/1"}],"replies":[{"embeddable":true,"href":"https:\/\/www.etchiboy.com\/en\/wp-json\/wp\/v2\/comments?post=2117"}],"version-history":[{"count":1,"href":"https:\/\/www.etchiboy.com\/en\/wp-json\/wp\/v2\/pages\/2117\/revisions"}],"predecessor-version":[{"id":2118,"href":"https:\/\/www.etchiboy.com\/en\/wp-json\/wp\/v2\/pages\/2117\/revisions\/2118"}],"wp:attachment":[{"href":"https:\/\/www.etchiboy.com\/en\/wp-json\/wp\/v2\/media?parent=2117"}],"curies":[{"name":"wp","href":"https:\/\/api.w.org\/{rel}","templated":true}]}}