{"id":2114,"date":"2019-11-27T18:10:10","date_gmt":"2019-11-27T18:10:10","guid":{"rendered":"http:\/\/www.etchiboy.com\/en\/?page_id=2114"},"modified":"2023-03-02T04:29:33","modified_gmt":"2023-03-02T04:29:33","slug":"qui-nous-sommes","status":"publish","type":"page","link":"https:\/\/www.etchiboy.com\/en\/fr\/qui-nous-sommes\/","title":{"rendered":"Qui nous sommes"},"content":{"rendered":"<div id=\"pl-2114\"  class=\"panel-layout\" ><div id=\"pg-2114-0\"  class=\"panel-grid panel-no-style\" ><div id=\"pgc-2114-0-0\"  class=\"panel-grid-cell\" >          <div id=\"panel-2114-0-0-0\" class=\"textaligncenter so-panel widget widget_klasik-text-widget widget_klasik_text panel-first-child panel-last-child\" data-index=\"0\" ><div class=\"all-widget-container  fullwidth\" style=\"  \"><div class=\"opacity\" style=\"\"><div class=\"all-widget-wrapper\" style=\"\"><div class=\"klasik-text-widget-wrapper\"  style=\"\"><h3 class=\"widget-title\">QUI SOMMES-NOUS?<span class=\"line-wrap\"><span class=\"line\"><\/span><\/span><\/h3>\t\t\t\t<div class=\"text-block \">\r\n\t\t\t\t<p>\u00c9tchiboy est une compagnie m\u00e9tisse qui fabrique des produits culturels autochtones de haute qualit\u00e9. Elle travaille avec un organisme Quechua de la r\u00e9gion rurale de Cusco, P\u00e9rou qui appuie les m\u00e8res monoparentales.<\/p>\n                 <\/div>\r\n          \t<div class=\"clear\"><\/div><\/div><div class=\"clear\"><\/div><\/div><div class=\"clear\"><\/div><\/div><div class=\"clear\"><\/div><\/div><\/div>        <\/div><\/div><div id=\"pg-2114-1\"  class=\"panel-grid panel-no-style\" ><div id=\"pgc-2114-1-0\"  class=\"panel-grid-cell\" ><div id=\"panel-2114-1-0-0\" class=\"so-panel widget widget_siteorigin-panels-builder panel-first-child panel-last-child\" data-index=\"1\" ><div id=\"pl-w55359f47ece2c\"  class=\"panel-layout\" ><div id=\"pg-w55359f47ece2c-0\"  class=\"panel-grid panel-no-style\" ><div id=\"pgc-w55359f47ece2c-0-0\"  class=\"panel-grid-cell\" ><div id=\"panel-w55359f47ece2c-0-0-0\" class=\"so-panel widget widget_black-studio-tinymce widget_black_studio_tinymce panel-first-child panel-last-child\" data-index=\"0\" ><div class=\"textwidget\"><hr \/>\n<p>\u00a0<\/p>\n<\/div><\/div><\/div><\/div><\/div><\/div><\/div><\/div><div id=\"pg-2114-2\"  class=\"panel-grid panel-no-style\" ><div id=\"pgc-2114-2-0\"  class=\"panel-grid-cell\" >          <div id=\"panel-2114-2-0-0\" class=\"textaligncenter so-panel widget widget_klasik-text-widget widget_klasik_text panel-first-child panel-last-child\" data-index=\"2\" ><div class=\"all-widget-container  fullwidth\" style=\"  \"><div class=\"opacity\" style=\"\"><div class=\"all-widget-wrapper\" style=\"\"><div class=\"klasik-text-widget-wrapper\"  style=\"\"><h3 class=\"widget-title\">INTRODUCTION \u00c0 \u00c9TCHIBOY<span class=\"line-wrap\"><span class=\"line\"><\/span><\/span><\/h3>\t\t\t\t<div class=\"text-block \">\r\n\t\t\t\t                 <\/div>\r\n          \t<div class=\"clear\"><\/div><\/div><div class=\"clear\"><\/div><\/div><div class=\"clear\"><\/div><\/div><div class=\"clear\"><\/div><\/div><\/div>        <\/div><\/div><div id=\"pg-2114-3\"  class=\"panel-grid panel-no-style\" ><div id=\"pgc-2114-3-0\"  class=\"panel-grid-cell\" ><div id=\"panel-2114-3-0-0\" class=\"so-panel widget widget_black-studio-tinymce widget_black_studio_tinymce panel-first-child panel-last-child\" data-index=\"3\" ><div class=\"textwidget\"><p><div style=\"width: 1140px;\" class=\"wp-video\"><!--[if lt IE 9]><script>document.createElement('video');<\/script><![endif]-->\n<video class=\"wp-video-shortcode\" id=\"video-2114-1\" width=\"1140\" height=\"641\" poster=\"http:\/\/www.etchiboy.com\/fr\/wp-content\/uploads\/2019\/05\/etchiboy_video_placeholder.jpg\" preload=\"metadata\" controls=\"controls\"><source type=\"video\/x-flv\" src=\"http:\/\/www.etchiboy.com\/fr\/wp-content\/uploads\/2015\/04\/Miguel_Vielfaure_etchiboy.flv?_=1\" \/><a href=\"http:\/\/www.etchiboy.com\/fr\/wp-content\/uploads\/2015\/04\/Miguel_Vielfaure_etchiboy.flv\">http:\/\/www.etchiboy.com\/fr\/wp-content\/uploads\/2015\/04\/Miguel_Vielfaure_etchiboy.flv<\/a><\/video><\/div><\/p>\n<\/div><\/div><\/div><\/div><div id=\"pg-2114-4\"  class=\"panel-grid panel-no-style\" ><div id=\"pgc-2114-4-0\"  class=\"panel-grid-cell\" ><div id=\"panel-2114-4-0-0\" class=\"so-panel widget widget_black-studio-tinymce widget_black_studio_tinymce panel-first-child panel-last-child\" data-index=\"4\" ><div class=\"textwidget\"><hr \/>\n<\/div><\/div><\/div><\/div><div id=\"pg-2114-5\"  class=\"panel-grid panel-no-style\" ><div id=\"pgc-2114-5-0\"  class=\"panel-grid-cell\" >          <div id=\"panel-2114-5-0-0\" class=\"textaligncenter so-panel widget widget_klasik-text-widget widget_klasik_text panel-first-child panel-last-child\" data-index=\"5\" ><div class=\"all-widget-container  boxed\" style=\"  \"><div class=\"opacity\" style=\"\"><div class=\"all-widget-wrapper\" style=\"\">\r\n                \t\t<div class=\"container\">\r\n                    \t<div class=\"row\">\r\n                        <div class=\"twelve columns\">\r\n\t\t\t\t\t <div class=\"klasik-text-widget-wrapper\"  style=\"\"><h3 class=\"widget-title\">\u00c9TCHIBOY DANS LES NOUVELLES<span class=\"line-wrap\"><span class=\"line\"><\/span><\/span><\/h3>\t\t\t\t<div class=\"text-block \">\r\n\t\t\t\t                 <\/div>\r\n          \t<div class=\"clear\"><\/div><\/div>                        \r\n\t\t\t\t\t\t<\/div>\r\n                    \t<\/div>\r\n                \t\t<\/div><div class=\"clear\"><\/div><\/div><div class=\"clear\"><\/div><\/div><div class=\"clear\"><\/div><\/div><\/div>        <\/div><\/div><div id=\"pg-2114-6\"  class=\"panel-grid panel-no-style\" ><div id=\"pgc-2114-6-0\"  class=\"panel-grid-cell\" ><div id=\"panel-2114-6-0-0\" class=\"so-panel widget widget_black-studio-tinymce widget_black_studio_tinymce panel-first-child panel-last-child\" data-index=\"6\" ><div class=\"textwidget\"><p><a href=\"http:\/\/www.etchiboy.com\/fr\/wp-content\/uploads\/2015\/04\/etchiboy-large-300x38.jpg\"><img class=\"  wp-image-211 aligncenter\" src=\"http:\/\/www.etchiboy.com\/fr\/wp-content\/uploads\/2015\/04\/etchiboy-large-300x38-300x38.jpg\" alt=\"etchiboy-large-300x38\" width=\"863\" height=\"95\" \/><\/a><\/p>\n<\/div><\/div><\/div><\/div><div id=\"pg-2114-7\"  class=\"panel-grid panel-no-style\" ><div id=\"pgc-2114-7-0\"  class=\"panel-grid-cell\" >          <div id=\"panel-2114-7-0-0\" class=\"textaligncenter so-panel widget widget_klasik-text-widget widget_klasik_text panel-first-child panel-last-child\" data-index=\"7\" ><div class=\"all-widget-container  fullwidth\" style=\"  \"><div class=\"opacity\" style=\"\"><div class=\"all-widget-wrapper\" style=\"\"><div class=\"klasik-text-widget-wrapper\"  style=\"\"><h3 class=\"widget-title\">DE RETOUR DU P\u00c9ROU<span class=\"widget-subtitle-wrap\"><span class=\"widget-subtitle\">Radio-Canada (vid\u00e9o)<\/span><span class=\"line\"><\/span><\/span><span class=\"line-wrap\"><span class=\"line\"><\/span><\/span><\/h3>\t\t\t\t<div class=\"text-block \">\r\n\t\t\t\t                 <\/div>\r\n          \t<div class=\"clear\"><\/div><\/div><div class=\"clear\"><\/div><\/div><div class=\"clear\"><\/div><\/div><div class=\"clear\"><\/div><\/div><\/div>        <\/div><div id=\"pgc-2114-7-1\"  class=\"panel-grid-cell\" >          <div id=\"panel-2114-7-1-0\" class=\"textaligncenter so-panel widget widget_klasik-text-widget widget_klasik_text panel-first-child panel-last-child\" data-index=\"8\" ><div class=\"all-widget-container  fullwidth\" style=\"  \"><div class=\"opacity\" style=\"\"><div class=\"all-widget-wrapper\" style=\"\"><div class=\"klasik-text-widget-wrapper\"  style=\"\"><h3 class=\"widget-title\">DES FL\u00c9CH\u00c9ES CONTRE LA PAUVRET\u00c9<span class=\"widget-subtitle-wrap\"><span class=\"widget-subtitle\">par Julien Abord-Babin (La Libert\u00e9)<\/span><span class=\"line\"><\/span><\/span><span class=\"line-wrap\"><span class=\"line\"><\/span><\/span><\/h3>\t\t\t\t<div class=\"text-block \">\r\n\t\t\t\t                 <\/div>\r\n          \t<div class=\"clear\"><\/div><\/div><div class=\"clear\"><\/div><\/div><div class=\"clear\"><\/div><\/div><div class=\"clear\"><\/div><\/div><\/div>        <\/div><div id=\"pgc-2114-7-2\"  class=\"panel-grid-cell\" >          <div id=\"panel-2114-7-2-0\" class=\"textaligncenter so-panel widget widget_klasik-text-widget widget_klasik_text panel-first-child panel-last-child\" data-index=\"9\" ><div class=\"all-widget-container  fullwidth\" style=\"  \"><div class=\"opacity\" style=\"\"><div class=\"all-widget-wrapper\" style=\"\"><div class=\"klasik-text-widget-wrapper\"  style=\"\"><h3 class=\"widget-title\">UN PETIT MONDE<span class=\"widget-subtitle-wrap\"><span class=\"widget-subtitle\">par Raymond Poirier<\/span><span class=\"line\"><\/span><\/span><span class=\"line-wrap\"><span class=\"line\"><\/span><\/span><\/h3>\t\t\t\t<div class=\"text-block \">\r\n\t\t\t\t                 <\/div>\r\n          \t<div class=\"clear\"><\/div><\/div><div class=\"clear\"><\/div><\/div><div class=\"clear\"><\/div><\/div><div class=\"clear\"><\/div><\/div><\/div>        <\/div><\/div><div id=\"pg-2114-8\"  class=\"panel-grid panel-no-style\" ><div id=\"pgc-2114-8-0\"  class=\"panel-grid-cell\" ><div id=\"panel-2114-8-0-0\" class=\"so-panel widget widget_black-studio-tinymce widget_black_studio_tinymce panel-first-child panel-last-child\" data-index=\"10\" ><div class=\"textwidget\"><\/div><\/div><\/div><div id=\"pgc-2114-8-1\"  class=\"panel-grid-cell\" ><div id=\"panel-2114-8-1-0\" class=\"so-panel widget widget_black-studio-tinymce widget_black_studio_tinymce panel-first-child panel-last-child\" data-index=\"11\" ><div class=\"textwidget\"><\/div><\/div><\/div><div id=\"pgc-2114-8-2\"  class=\"panel-grid-cell\" ><div id=\"panel-2114-8-2-0\" class=\"so-panel widget widget_sow-image panel-first-child panel-last-child\" data-index=\"12\" ><div\n\t\t\t\n\t\t\tclass=\"so-widget-sow-image so-widget-sow-image-default-8b5b6f678277-2114\"\n\t\t\t\n\t\t>\n\n<div class=\"sow-image-container\">\n\t\t\t<a href=\"https:\/\/www.etchiboy.com\/en\/small_world\/\"\n\t\t\ttarget=\"_blank\" rel=\"noopener noreferrer\" \t\t>\n\t\t\t<img src=\"https:\/\/www.etchiboy.com\/en\/wp-content\/uploads\/2014\/08\/Raymond1-petit.png\" width=\"320\" height=\"240\" srcset=\"https:\/\/www.etchiboy.com\/en\/wp-content\/uploads\/2014\/08\/Raymond1-petit.png 320w, https:\/\/www.etchiboy.com\/en\/wp-content\/uploads\/2014\/08\/Raymond1-petit-300x225.png 300w\" sizes=\"(max-width: 320px) 100vw, 320px\" title=\"Raymond1 petit\" alt=\"\" loading=\"lazy\" \t\tclass=\"so-widget-image\"\/>\n\t<\/a><\/div>\n\n<\/div><\/div><\/div><\/div><div id=\"pg-2114-9\"  class=\"panel-grid panel-no-style\" ><div id=\"pgc-2114-9-0\"  class=\"panel-grid-cell\" ><div id=\"panel-2114-9-0-0\" class=\"so-panel widget widget_black-studio-tinymce widget_black_studio_tinymce panel-first-child panel-last-child\" data-index=\"13\" ><div class=\"textwidget\"><hr \/>\n<\/div><\/div><\/div><\/div><div id=\"pg-2114-10\"  class=\"panel-grid panel-no-style\" ><div id=\"pgc-2114-10-0\"  class=\"panel-grid-cell\" >          <div id=\"panel-2114-10-0-0\" class=\"textaligncenter so-panel widget widget_klasik-text-widget widget_klasik_text panel-first-child panel-last-child\" data-index=\"14\" ><div class=\"all-widget-container  fullwidth\" style=\"  \"><div class=\"opacity\" style=\"\"><div class=\"all-widget-wrapper\" style=\"\"><div class=\"klasik-text-widget-wrapper\"  style=\"\"><h3 class=\"widget-title\">DU P\u00c9ROU AU MANITOBA<span class=\"widget-subtitle-wrap\"><span class=\"widget-subtitle\">Etchiboy est le seul commerce \u00e9quitable de produits m\u00e9tis du Manitoba.<\/span><span class=\"line\"><\/span><\/span><span class=\"line-wrap\"><span class=\"line\"><\/span><\/span><\/h3>\t\t\t\t<div class=\"text-block \">\r\n\t\t\t\t                 <\/div>\r\n          \t<div class=\"clear\"><\/div><\/div><div class=\"clear\"><\/div><\/div><div class=\"clear\"><\/div><\/div><div class=\"clear\"><\/div><\/div><\/div>        <\/div><div id=\"pgc-2114-10-1\"  class=\"panel-grid-cell\" >          <div id=\"panel-2114-10-1-0\" class=\"textaligncenter so-panel widget widget_klasik-text-widget widget_klasik_text panel-first-child panel-last-child\" data-index=\"15\" ><div class=\"all-widget-container  fullwidth\" style=\"  \"><div class=\"opacity\" style=\"\"><div class=\"all-widget-wrapper\" style=\"\"><div class=\"klasik-text-widget-wrapper\"  style=\"\"><h3 class=\"widget-title\">UNE AUTRE ID\u00c9E DU COMMERCE<span class=\"widget-subtitle-wrap\"><span class=\"widget-subtitle\">par Simon Gouin (La Libert\u00e9)<\/span><span class=\"line\"><\/span><\/span><span class=\"line-wrap\"><span class=\"line\"><\/span><\/span><\/h3>\t\t\t\t<div class=\"text-block \">\r\n\t\t\t\t                 <\/div>\r\n          \t<div class=\"clear\"><\/div><\/div><div class=\"clear\"><\/div><\/div><div class=\"clear\"><\/div><\/div><div class=\"clear\"><\/div><\/div><\/div>        <\/div><div id=\"pgc-2114-10-2\"  class=\"panel-grid-cell\" >          <div id=\"panel-2114-10-2-0\" class=\"textaligncenter so-panel widget widget_klasik-text-widget widget_klasik_text panel-first-child panel-last-child\" data-index=\"16\" ><div class=\"all-widget-container  fullwidth\" style=\"  \"><div class=\"opacity\" style=\"\"><div class=\"all-widget-wrapper\" style=\"\"><div class=\"klasik-text-widget-wrapper\"  style=\"\"><h3 class=\"widget-title\">UNE PETITE COMPAGNIE QUI GRANDIT!<span class=\"widget-subtitle-wrap\"><span class=\"widget-subtitle\">par Patricia Bitu Tchikudi (La Libert\u00e9)<\/span><span class=\"line\"><\/span><\/span><span class=\"line-wrap\"><span class=\"line\"><\/span><\/span><\/h3>\t\t\t\t<div class=\"text-block \">\r\n\t\t\t\t                 <\/div>\r\n          \t<div class=\"clear\"><\/div><\/div><div class=\"clear\"><\/div><\/div><div class=\"clear\"><\/div><\/div><div class=\"clear\"><\/div><\/div><\/div>        <\/div><\/div><div id=\"pg-2114-11\"  class=\"panel-grid panel-no-style\" ><div id=\"pgc-2114-11-0\"  class=\"panel-grid-cell\" ><div id=\"panel-2114-11-0-0\" class=\"so-panel widget widget_black-studio-tinymce widget_black_studio_tinymce panel-first-child panel-last-child\" data-index=\"17\" ><div class=\"textwidget\"><\/div><\/div><\/div><div id=\"pgc-2114-11-1\"  class=\"panel-grid-cell\" ><div id=\"panel-2114-11-1-0\" class=\"so-panel widget widget_sow-image panel-first-child panel-last-child\" data-index=\"18\" ><div\n\t\t\t\n\t\t\tclass=\"so-widget-sow-image so-widget-sow-image-default-8b5b6f678277-2114\"\n\t\t\t\n\t\t>\n\n<div class=\"sow-image-container\">\n\t\t\t<a href=\"https:\/\/www.etchiboy.com\/en\/archives\/\"\n\t\t\ttarget=\"_blank\" rel=\"noopener noreferrer\" \t\t>\n\t\t\t<img src=\"https:\/\/www.etchiboy.com\/en\/wp-content\/uploads\/2014\/08\/311415.png\" width=\"320\" height=\"240\" srcset=\"https:\/\/www.etchiboy.com\/en\/wp-content\/uploads\/2014\/08\/311415.png 320w, https:\/\/www.etchiboy.com\/en\/wp-content\/uploads\/2014\/08\/311415-300x225.png 300w\" sizes=\"(max-width: 320px) 100vw, 320px\" alt=\"\" loading=\"lazy\" \t\tclass=\"so-widget-image\"\/>\n\t<\/a><\/div>\n\n<\/div><\/div><\/div><div id=\"pgc-2114-11-2\"  class=\"panel-grid-cell\" ><div id=\"panel-2114-11-2-0\" class=\"so-panel widget widget_sow-image panel-first-child panel-last-child\" data-index=\"19\" ><div\n\t\t\t\n\t\t\tclass=\"so-widget-sow-image so-widget-sow-image-default-8b5b6f678277-2114\"\n\t\t\t\n\t\t>\n\n<div class=\"sow-image-container\">\n\t\t\t<a href=\"https:\/\/www.etchiboy.com\/en\/small_world\/\"\n\t\t\ttarget=\"_blank\" rel=\"noopener noreferrer\" \t\t>\n\t\t\t<img src=\"https:\/\/www.etchiboy.com\/en\/wp-content\/uploads\/2014\/08\/Raymond1-petit.png\" width=\"320\" height=\"240\" srcset=\"https:\/\/www.etchiboy.com\/en\/wp-content\/uploads\/2014\/08\/Raymond1-petit.png 320w, https:\/\/www.etchiboy.com\/en\/wp-content\/uploads\/2014\/08\/Raymond1-petit-300x225.png 300w\" sizes=\"(max-width: 320px) 100vw, 320px\" title=\"Raymond1 petit\" alt=\"\" loading=\"lazy\" \t\tclass=\"so-widget-image\"\/>\n\t<\/a><\/div>\n\n<\/div><\/div><\/div><\/div><\/div>","protected":false},"excerpt":{"rendered":"<p>QUI SOMMES-NOUS? \u00c9tchiboy est une compagnie m\u00e9tisse qui fabrique des produits culturels autochtones de haute qualit\u00e9. Elle travaille avec un organisme Quechua de la r\u00e9gion rurale de Cusco, P\u00e9rou qui appuie les m\u00e8res monoparentales. \u00a0 INTRODUCTION \u00c0 \u00c9TCHIBOY http:\/\/www.etchiboy.com\/fr\/wp-content\/uploads\/2015\/04\/Miguel_Vielfaure_etchiboy.flv \u00c9TCHIBOY DANS LES NOUVELLES DE RETOUR DU P\u00c9ROURadio-Canada (vid\u00e9o) DES FL\u00c9CH\u00c9ES CONTRE LA PAUVRET\u00c9par Julien Abord-Babin [&hellip;]<\/p>\n","protected":false},"author":1,"featured_media":0,"parent":0,"menu_order":0,"comment_status":"closed","ping_status":"closed","template":"","meta":[],"yoast_head":"<!-- This site is optimized with the Yoast SEO plugin v20.7 - https:\/\/yoast.com\/wordpress\/plugins\/seo\/ -->\n<title>Qui nous sommes - Etchiboy M\u00e9tis sash experts<\/title>\n<meta name=\"robots\" content=\"index, follow, max-snippet:-1, max-image-preview:large, max-video-preview:-1\" \/>\n<link rel=\"canonical\" href=\"https:\/\/www.etchiboy.com\/en\/fr\/qui-nous-sommes\/\" \/>\n<meta property=\"og:locale\" content=\"en_US\" \/>\n<meta property=\"og:type\" content=\"article\" \/>\n<meta property=\"og:title\" content=\"Qui nous sommes - Etchiboy M\u00e9tis sash experts\" \/>\n<meta property=\"og:description\" content=\"QUI SOMMES-NOUS? \u00c9tchiboy est une compagnie m\u00e9tisse qui fabrique des produits culturels autochtones de haute qualit\u00e9. Elle travaille avec un organisme Quechua de la r\u00e9gion rurale de Cusco, P\u00e9rou qui appuie les m\u00e8res monoparentales. \u00a0 INTRODUCTION \u00c0 \u00c9TCHIBOY http:\/\/www.etchiboy.com\/fr\/wp-content\/uploads\/2015\/04\/Miguel_Vielfaure_etchiboy.flv \u00c9TCHIBOY DANS LES NOUVELLES DE RETOUR DU P\u00c9ROURadio-Canada (vid\u00e9o) DES FL\u00c9CH\u00c9ES CONTRE LA PAUVRET\u00c9par Julien Abord-Babin [&hellip;]\" \/>\n<meta property=\"og:url\" content=\"https:\/\/www.etchiboy.com\/en\/fr\/qui-nous-sommes\/\" \/>\n<meta property=\"og:site_name\" content=\"Etchiboy M\u00e9tis sash experts\" \/>\n<meta property=\"article:modified_time\" content=\"2023-03-02T04:29:33+00:00\" \/>\n<meta property=\"og:image\" content=\"http:\/\/www.etchiboy.com\/fr\/wp-content\/uploads\/2015\/04\/etchiboy-large-300x38-300x38.jpg\" \/>\n<meta name=\"twitter:card\" content=\"summary_large_image\" \/>\n<meta name=\"twitter:label1\" content=\"Est. reading time\" \/>\n\t<meta name=\"twitter:data1\" content=\"1 minute\" \/>\n<script type=\"application\/ld+json\" class=\"yoast-schema-graph\">{\"@context\":\"https:\/\/schema.org\",\"@graph\":[{\"@type\":\"WebPage\",\"@id\":\"https:\/\/www.etchiboy.com\/en\/fr\/qui-nous-sommes\/\",\"url\":\"https:\/\/www.etchiboy.com\/en\/fr\/qui-nous-sommes\/\",\"name\":\"Qui nous sommes - Etchiboy M\u00e9tis sash experts\",\"isPartOf\":{\"@id\":\"https:\/\/www.etchiboy.com\/en\/#website\"},\"datePublished\":\"2019-11-27T18:10:10+00:00\",\"dateModified\":\"2023-03-02T04:29:33+00:00\",\"breadcrumb\":{\"@id\":\"https:\/\/www.etchiboy.com\/en\/fr\/qui-nous-sommes\/#breadcrumb\"},\"inLanguage\":\"en-CA\",\"potentialAction\":[{\"@type\":\"ReadAction\",\"target\":[\"https:\/\/www.etchiboy.com\/en\/fr\/qui-nous-sommes\/\"]}]},{\"@type\":\"BreadcrumbList\",\"@id\":\"https:\/\/www.etchiboy.com\/en\/fr\/qui-nous-sommes\/#breadcrumb\",\"itemListElement\":[{\"@type\":\"ListItem\",\"position\":1,\"name\":\"Home\",\"item\":\"https:\/\/www.etchiboy.com\/en\/\"},{\"@type\":\"ListItem\",\"position\":2,\"name\":\"Qui nous sommes\"}]},{\"@type\":\"WebSite\",\"@id\":\"https:\/\/www.etchiboy.com\/en\/#website\",\"url\":\"https:\/\/www.etchiboy.com\/en\/\",\"name\":\"Etchiboy M\u00e9tis sash experts\",\"description\":\"M\u00e9tis sash, voyageur tuques, ceintures fl\u00e9ch\u00e9es and many more\",\"potentialAction\":[{\"@type\":\"SearchAction\",\"target\":{\"@type\":\"EntryPoint\",\"urlTemplate\":\"https:\/\/www.etchiboy.com\/en\/?s={search_term_string}\"},\"query-input\":\"required name=search_term_string\"}],\"inLanguage\":\"en-CA\"}]}<\/script>\n<!-- \/ Yoast SEO plugin. -->","yoast_head_json":{"title":"Qui nous sommes - Etchiboy M\u00e9tis sash experts","robots":{"index":"index","follow":"follow","max-snippet":"max-snippet:-1","max-image-preview":"max-image-preview:large","max-video-preview":"max-video-preview:-1"},"canonical":"https:\/\/www.etchiboy.com\/en\/fr\/qui-nous-sommes\/","og_locale":"en_US","og_type":"article","og_title":"Qui nous sommes - Etchiboy M\u00e9tis sash experts","og_description":"QUI SOMMES-NOUS? \u00c9tchiboy est une compagnie m\u00e9tisse qui fabrique des produits culturels autochtones de haute qualit\u00e9. Elle travaille avec un organisme Quechua de la r\u00e9gion rurale de Cusco, P\u00e9rou qui appuie les m\u00e8res monoparentales. \u00a0 INTRODUCTION \u00c0 \u00c9TCHIBOY http:\/\/www.etchiboy.com\/fr\/wp-content\/uploads\/2015\/04\/Miguel_Vielfaure_etchiboy.flv \u00c9TCHIBOY DANS LES NOUVELLES DE RETOUR DU P\u00c9ROURadio-Canada (vid\u00e9o) DES FL\u00c9CH\u00c9ES CONTRE LA PAUVRET\u00c9par Julien Abord-Babin [&hellip;]","og_url":"https:\/\/www.etchiboy.com\/en\/fr\/qui-nous-sommes\/","og_site_name":"Etchiboy M\u00e9tis sash experts","article_modified_time":"2023-03-02T04:29:33+00:00","og_image":[{"url":"http:\/\/www.etchiboy.com\/fr\/wp-content\/uploads\/2015\/04\/etchiboy-large-300x38-300x38.jpg"}],"twitter_card":"summary_large_image","twitter_misc":{"Est. reading time":"1 minute"},"schema":{"@context":"https:\/\/schema.org","@graph":[{"@type":"WebPage","@id":"https:\/\/www.etchiboy.com\/en\/fr\/qui-nous-sommes\/","url":"https:\/\/www.etchiboy.com\/en\/fr\/qui-nous-sommes\/","name":"Qui nous sommes - Etchiboy M\u00e9tis sash experts","isPartOf":{"@id":"https:\/\/www.etchiboy.com\/en\/#website"},"datePublished":"2019-11-27T18:10:10+00:00","dateModified":"2023-03-02T04:29:33+00:00","breadcrumb":{"@id":"https:\/\/www.etchiboy.com\/en\/fr\/qui-nous-sommes\/#breadcrumb"},"inLanguage":"en-CA","potentialAction":[{"@type":"ReadAction","target":["https:\/\/www.etchiboy.com\/en\/fr\/qui-nous-sommes\/"]}]},{"@type":"BreadcrumbList","@id":"https:\/\/www.etchiboy.com\/en\/fr\/qui-nous-sommes\/#breadcrumb","itemListElement":[{"@type":"ListItem","position":1,"name":"Home","item":"https:\/\/www.etchiboy.com\/en\/"},{"@type":"ListItem","position":2,"name":"Qui nous sommes"}]},{"@type":"WebSite","@id":"https:\/\/www.etchiboy.com\/en\/#website","url":"https:\/\/www.etchiboy.com\/en\/","name":"Etchiboy M\u00e9tis sash experts","description":"M\u00e9tis sash, voyageur tuques, ceintures fl\u00e9ch\u00e9es and many more","potentialAction":[{"@type":"SearchAction","target":{"@type":"EntryPoint","urlTemplate":"https:\/\/www.etchiboy.com\/en\/?s={search_term_string}"},"query-input":"required name=search_term_string"}],"inLanguage":"en-CA"}]}},"_links":{"self":[{"href":"https:\/\/www.etchiboy.com\/en\/wp-json\/wp\/v2\/pages\/2114"}],"collection":[{"href":"https:\/\/www.etchiboy.com\/en\/wp-json\/wp\/v2\/pages"}],"about":[{"href":"https:\/\/www.etchiboy.com\/en\/wp-json\/wp\/v2\/types\/page"}],"author":[{"embeddable":true,"href":"https:\/\/www.etchiboy.com\/en\/wp-json\/wp\/v2\/users\/1"}],"replies":[{"embeddable":true,"href":"https:\/\/www.etchiboy.com\/en\/wp-json\/wp\/v2\/comments?post=2114"}],"version-history":[{"count":7,"href":"https:\/\/www.etchiboy.com\/en\/wp-json\/wp\/v2\/pages\/2114\/revisions"}],"predecessor-version":[{"id":2138,"href":"https:\/\/www.etchiboy.com\/en\/wp-json\/wp\/v2\/pages\/2114\/revisions\/2138"}],"wp:attachment":[{"href":"https:\/\/www.etchiboy.com\/en\/wp-json\/wp\/v2\/media?parent=2114"}],"curies":[{"name":"wp","href":"https:\/\/api.w.org\/{rel}","templated":true}]}}