{"id":1938,"date":"2015-06-24T20:00:08","date_gmt":"2015-06-24T20:00:08","guid":{"rendered":"http:\/\/www.etchiboy.com\/enen\/?page_id=1938"},"modified":"2017-01-16T21:59:15","modified_gmt":"2017-01-16T21:59:15","slug":"bttv","status":"publish","type":"page","link":"https:\/\/www.etchiboy.com\/en\/bttv\/","title":{"rendered":"BasetradeTV Gaming Slippers"},"content":{"rendered":"<div id=\"pl-1938\"  class=\"panel-layout\" ><div id=\"pg-1938-0\"  class=\"panel-grid panel-no-style\" ><div id=\"pgc-1938-0-0\"  class=\"panel-grid-cell\" >          <div id=\"panel-1938-0-0-0\" class=\"textaligncenter so-panel widget widget_klasik-text-widget widget_klasik_text panel-first-child panel-last-child\" data-index=\"0\" ><div class=\"all-widget-container  boxed\" style=\"  \"><div class=\"opacity\" style=\"\"><div class=\"all-widget-wrapper\" style=\"\">\r\n                \t\t<div class=\"container\">\r\n                    \t<div class=\"row\">\r\n                        <div class=\"twelve columns\">\r\n\t\t\t\t\t <div class=\"klasik-text-widget-wrapper\"  style=\"\"><h3 class=\"widget-title\">BasetradeTV Gaming Slippers<span class=\"widget-subtitle-wrap\"><span class=\"widget-subtitle\">Once 100 slippers are sold BasetradeTV will get $1000 USD for an event.<\/span><span class=\"line\"><\/span><\/span><span class=\"line-wrap\"><span class=\"line\"><\/span><\/span><\/h3>\t\t\t\t<div class=\"text-block \">\r\n\t\t\t\t<p>Slippers are $50 USD each with free shipping worldwide.<br \/>\nThey are made with sheepskin and the trim is alpaca fur.<\/p>\n                 <\/div>\r\n          \t<div class=\"clear\"><\/div><\/div>                        \r\n\t\t\t\t\t\t<\/div>\r\n                    \t<\/div>\r\n                \t\t<\/div><div class=\"clear\"><\/div><\/div><div class=\"clear\"><\/div><\/div><div class=\"clear\"><\/div><\/div><\/div>        <\/div><\/div><div id=\"pg-1938-1\"  class=\"panel-grid panel-no-style\" ><div id=\"pgc-1938-1-0\"  class=\"panel-grid-cell\" ><div id=\"panel-1938-1-0-0\" class=\"so-panel widget widget_black-studio-tinymce widget_black_studio_tinymce panel-first-child panel-last-child\" data-index=\"1\" ><div class=\"textwidget\"><hr \/>\n<p>\u00a0<\/p>\n<\/div><\/div><\/div><\/div><div id=\"pg-1938-2\"  class=\"panel-grid panel-no-style\" ><div id=\"pgc-1938-2-0\"  class=\"panel-grid-cell\" >          <div id=\"panel-1938-2-0-0\" class=\"textaligncenter so-panel widget widget_klasik-text-widget widget_klasik_text panel-first-child panel-last-child\" data-index=\"2\" ><div class=\"all-widget-container  boxed\" style=\"  \"><div class=\"opacity\" style=\"\"><div class=\"all-widget-wrapper\" style=\"\">\r\n                \t\t<div class=\"container\">\r\n                    \t<div class=\"row\">\r\n                        <div class=\"twelve columns\">\r\n\t\t\t\t\t <div class=\"klasik-text-widget-wrapper\"  style=\"\"><h3 class=\"widget-title\">\u00c9tchiboy is a Canadian aborignal company that works with 25 single Quechua mothers in Peru. All slippers are made by one of these moms.<span class=\"line-wrap\"><span class=\"line\"><\/span><\/span><\/h3>\t\t\t\t<div class=\"text-block \">\r\n\t\t\t\t                 <\/div>\r\n          \t<div class=\"clear\"><\/div><\/div>                        \r\n\t\t\t\t\t\t<\/div>\r\n                    \t<\/div>\r\n                \t\t<\/div><div class=\"clear\"><\/div><\/div><div class=\"clear\"><\/div><\/div><div class=\"clear\"><\/div><\/div><\/div>        <\/div><\/div><div id=\"pg-1938-3\"  class=\"panel-grid panel-no-style\" ><div id=\"pgc-1938-3-0\"  class=\"panel-grid-cell\" ><div id=\"panel-1938-3-0-0\" class=\"so-panel widget widget_sow-image panel-first-child panel-last-child\" data-index=\"3\" ><div\n\t\t\t\n\t\t\tclass=\"so-widget-sow-image so-widget-sow-image-default-dbf295114b96-1938\"\n\t\t\t\n\t\t>\n\n<div class=\"sow-image-container\">\n\t\t\t<a href=\"http:\/\/etchiboyus.tictail.com\/product\/basetradetv-gaming-slippers-white\"\n\t\t\ttarget=\"_blank\" rel=\"noopener noreferrer\" \t\t>\n\t\t\t<img src=\"https:\/\/www.etchiboy.com\/en\/wp-content\/uploads\/2015\/04\/113915-cfcc0193aa9a4df9b34f1f8a39c172191.jpeg\" width=\"300\" height=\"300\" srcset=\"https:\/\/www.etchiboy.com\/en\/wp-content\/uploads\/2015\/04\/113915-cfcc0193aa9a4df9b34f1f8a39c172191.jpeg 300w, https:\/\/www.etchiboy.com\/en\/wp-content\/uploads\/2015\/04\/113915-cfcc0193aa9a4df9b34f1f8a39c172191-150x150.jpeg 150w, https:\/\/www.etchiboy.com\/en\/wp-content\/uploads\/2015\/04\/113915-cfcc0193aa9a4df9b34f1f8a39c172191-180x180.jpeg 180w, https:\/\/www.etchiboy.com\/en\/wp-content\/uploads\/2015\/04\/113915-cfcc0193aa9a4df9b34f1f8a39c172191-50x50.jpeg 50w, https:\/\/www.etchiboy.com\/en\/wp-content\/uploads\/2015\/04\/113915-cfcc0193aa9a4df9b34f1f8a39c172191-100x100.jpeg 100w\" sizes=\"(max-width: 300px) 100vw, 300px\" title=\"White Slippers\" alt=\"BasetradeTV White Gaming Slippers\" loading=\"lazy\" \t\tclass=\"so-widget-image\"\/>\n\t<\/a><\/div>\n\n<\/div><\/div><\/div><div id=\"pgc-1938-3-1\"  class=\"panel-grid-cell\" >          <div id=\"panel-1938-3-1-0\" class=\"textaligncenter so-panel widget widget_klasik-text-widget widget_klasik_text panel-first-child panel-last-child\" data-index=\"4\" ><div class=\"all-widget-container  boxed\" style=\"  \"><div class=\"opacity\" style=\"\"><div class=\"all-widget-wrapper\" style=\"\">\r\n                \t\t<div class=\"container\">\r\n                    \t<div class=\"row\">\r\n                        <div class=\"twelve columns\">\r\n\t\t\t\t\t <div class=\"klasik-text-widget-wrapper\"  style=\"\"><h3 class=\"widget-title\">GOAL 130 \/ 100<span class=\"line-wrap\"><span class=\"line\"><\/span><\/span><\/h3>\t\t\t\t<div class=\"text-block \">\r\n\t\t\t\t<p>Why work with BasetradeTV?<br \/>\nBecause the owner Miguel Vielfaure aka Rubberman really loves Starcraft and Rifkin is such a cool guy, we thought this is a great win\/win for everyone.<\/p>\n<p>Slippers sold counter on this page updated daily.<\/p>\n                 <\/div>\r\n          \t<div class=\"clear\"><\/div><\/div>                        \r\n\t\t\t\t\t\t<\/div>\r\n                    \t<\/div>\r\n                \t\t<\/div><div class=\"clear\"><\/div><\/div><div class=\"clear\"><\/div><\/div><div class=\"clear\"><\/div><\/div><\/div>        <\/div><div id=\"pgc-1938-3-2\"  class=\"panel-grid-cell\" ><div id=\"panel-1938-3-2-0\" class=\"so-panel widget widget_sow-image panel-first-child panel-last-child\" data-index=\"5\" ><div\n\t\t\t\n\t\t\tclass=\"so-widget-sow-image so-widget-sow-image-default-dbf295114b96-1938\"\n\t\t\t\n\t\t>\n\n<div class=\"sow-image-container\">\n\t\t\t<a href=\"http:\/\/etchiboyus.tictail.com\/product\/basetradetv-gaming-slippers-brown\"\n\t\t\ttarget=\"_blank\" rel=\"noopener noreferrer\" \t\t>\n\t\t\t<img src=\"https:\/\/www.etchiboy.com\/en\/wp-content\/uploads\/2015\/04\/113915-2eb2899e14a144089151cb766c8e79a1.jpeg\" width=\"300\" height=\"300\" srcset=\"https:\/\/www.etchiboy.com\/en\/wp-content\/uploads\/2015\/04\/113915-2eb2899e14a144089151cb766c8e79a1.jpeg 300w, https:\/\/www.etchiboy.com\/en\/wp-content\/uploads\/2015\/04\/113915-2eb2899e14a144089151cb766c8e79a1-150x150.jpeg 150w, https:\/\/www.etchiboy.com\/en\/wp-content\/uploads\/2015\/04\/113915-2eb2899e14a144089151cb766c8e79a1-180x180.jpeg 180w, https:\/\/www.etchiboy.com\/en\/wp-content\/uploads\/2015\/04\/113915-2eb2899e14a144089151cb766c8e79a1-50x50.jpeg 50w, https:\/\/www.etchiboy.com\/en\/wp-content\/uploads\/2015\/04\/113915-2eb2899e14a144089151cb766c8e79a1-100x100.jpeg 100w\" sizes=\"(max-width: 300px) 100vw, 300px\" title=\"Brown Slippers\" alt=\"BasetradeTV Brown Gaming Slippers\" loading=\"lazy\" \t\tclass=\"so-widget-image\"\/>\n\t<\/a><\/div>\n\n<\/div><\/div><\/div><\/div><div id=\"pg-1938-4\"  class=\"panel-grid panel-no-style\" ><div id=\"pgc-1938-4-0\"  class=\"panel-grid-cell\" ><div id=\"panel-1938-4-0-0\" class=\"so-panel widget widget_black-studio-tinymce widget_black_studio_tinymce panel-first-child panel-last-child\" data-index=\"6\" ><div class=\"textwidget\"><hr \/>\n<p>\u00a0<\/p>\n<\/div><\/div><\/div><\/div><div id=\"pg-1938-5\"  class=\"panel-grid panel-no-style\" ><div id=\"pgc-1938-5-0\"  class=\"panel-grid-cell\" ><div id=\"panel-1938-5-0-0\" class=\"so-panel widget widget_black-studio-tinymce widget_black_studio_tinymce panel-first-child panel-last-child\" data-index=\"7\" ><div class=\"textwidget\"><h2>\n<p style=\"text-align: center;\">Kane's Slippers Promo Video<\/p>\n<\/h2>\n<p><iframe width=\"1140\" height=\"641\" src=\"https:\/\/www.youtube.com\/embed\/WjWqq0Lob5w?feature=oembed\" frameborder=\"0\" allowfullscreen><\/iframe><\/p>\n<\/div><\/div><\/div><\/div><\/div>","protected":false},"excerpt":{"rendered":"<p>\u00a0<\/p>\n","protected":false},"author":1,"featured_media":0,"parent":0,"menu_order":0,"comment_status":"closed","ping_status":"closed","template":"","meta":[],"yoast_head":"<!-- This site is optimized with the Yoast SEO plugin v20.7 - https:\/\/yoast.com\/wordpress\/plugins\/seo\/ -->\n<title>BasetradeTV Gaming Slippers - Etchiboy M\u00e9tis sash experts<\/title>\n<meta name=\"robots\" content=\"index, follow, max-snippet:-1, max-image-preview:large, max-video-preview:-1\" \/>\n<link rel=\"canonical\" href=\"https:\/\/www.etchiboy.com\/en\/bttv\/\" \/>\n<meta property=\"og:locale\" content=\"en_US\" \/>\n<meta property=\"og:type\" content=\"article\" \/>\n<meta property=\"og:title\" content=\"BasetradeTV Gaming Slippers - Etchiboy M\u00e9tis sash experts\" \/>\n<meta property=\"og:description\" content=\"\u00a0\" \/>\n<meta property=\"og:url\" content=\"https:\/\/www.etchiboy.com\/en\/bttv\/\" \/>\n<meta property=\"og:site_name\" content=\"Etchiboy M\u00e9tis sash experts\" \/>\n<meta property=\"article:modified_time\" content=\"2017-01-16T21:59:15+00:00\" \/>\n<meta property=\"og:image\" content=\"https:\/\/www.etchiboy.com\/en\/wp-content\/uploads\/2015\/04\/113915-cfcc0193aa9a4df9b34f1f8a39c172191.jpeg\" \/>\n<meta name=\"twitter:card\" content=\"summary_large_image\" \/>\n<meta name=\"twitter:label1\" content=\"Est. reading time\" \/>\n\t<meta name=\"twitter:data1\" content=\"1 minute\" \/>\n<script type=\"application\/ld+json\" class=\"yoast-schema-graph\">{\"@context\":\"https:\/\/schema.org\",\"@graph\":[{\"@type\":\"WebPage\",\"@id\":\"https:\/\/www.etchiboy.com\/en\/bttv\/\",\"url\":\"https:\/\/www.etchiboy.com\/en\/bttv\/\",\"name\":\"BasetradeTV Gaming Slippers - Etchiboy M\u00e9tis sash experts\",\"isPartOf\":{\"@id\":\"https:\/\/www.etchiboy.com\/en\/#website\"},\"datePublished\":\"2015-06-24T20:00:08+00:00\",\"dateModified\":\"2017-01-16T21:59:15+00:00\",\"breadcrumb\":{\"@id\":\"https:\/\/www.etchiboy.com\/en\/bttv\/#breadcrumb\"},\"inLanguage\":\"en-CA\",\"potentialAction\":[{\"@type\":\"ReadAction\",\"target\":[\"https:\/\/www.etchiboy.com\/en\/bttv\/\"]}]},{\"@type\":\"BreadcrumbList\",\"@id\":\"https:\/\/www.etchiboy.com\/en\/bttv\/#breadcrumb\",\"itemListElement\":[{\"@type\":\"ListItem\",\"position\":1,\"name\":\"Home\",\"item\":\"https:\/\/www.etchiboy.com\/en\/\"},{\"@type\":\"ListItem\",\"position\":2,\"name\":\"BasetradeTV Gaming Slippers\"}]},{\"@type\":\"WebSite\",\"@id\":\"https:\/\/www.etchiboy.com\/en\/#website\",\"url\":\"https:\/\/www.etchiboy.com\/en\/\",\"name\":\"Etchiboy M\u00e9tis sash experts\",\"description\":\"M\u00e9tis sash, voyageur tuques, ceintures fl\u00e9ch\u00e9es and many more\",\"potentialAction\":[{\"@type\":\"SearchAction\",\"target\":{\"@type\":\"EntryPoint\",\"urlTemplate\":\"https:\/\/www.etchiboy.com\/en\/?s={search_term_string}\"},\"query-input\":\"required name=search_term_string\"}],\"inLanguage\":\"en-CA\"}]}<\/script>\n<!-- \/ Yoast SEO plugin. -->","yoast_head_json":{"title":"BasetradeTV Gaming Slippers - Etchiboy M\u00e9tis sash experts","robots":{"index":"index","follow":"follow","max-snippet":"max-snippet:-1","max-image-preview":"max-image-preview:large","max-video-preview":"max-video-preview:-1"},"canonical":"https:\/\/www.etchiboy.com\/en\/bttv\/","og_locale":"en_US","og_type":"article","og_title":"BasetradeTV Gaming Slippers - Etchiboy M\u00e9tis sash experts","og_description":"\u00a0","og_url":"https:\/\/www.etchiboy.com\/en\/bttv\/","og_site_name":"Etchiboy M\u00e9tis sash experts","article_modified_time":"2017-01-16T21:59:15+00:00","og_image":[{"url":"https:\/\/www.etchiboy.com\/en\/wp-content\/uploads\/2015\/04\/113915-cfcc0193aa9a4df9b34f1f8a39c172191.jpeg"}],"twitter_card":"summary_large_image","twitter_misc":{"Est. reading time":"1 minute"},"schema":{"@context":"https:\/\/schema.org","@graph":[{"@type":"WebPage","@id":"https:\/\/www.etchiboy.com\/en\/bttv\/","url":"https:\/\/www.etchiboy.com\/en\/bttv\/","name":"BasetradeTV Gaming Slippers - Etchiboy M\u00e9tis sash experts","isPartOf":{"@id":"https:\/\/www.etchiboy.com\/en\/#website"},"datePublished":"2015-06-24T20:00:08+00:00","dateModified":"2017-01-16T21:59:15+00:00","breadcrumb":{"@id":"https:\/\/www.etchiboy.com\/en\/bttv\/#breadcrumb"},"inLanguage":"en-CA","potentialAction":[{"@type":"ReadAction","target":["https:\/\/www.etchiboy.com\/en\/bttv\/"]}]},{"@type":"BreadcrumbList","@id":"https:\/\/www.etchiboy.com\/en\/bttv\/#breadcrumb","itemListElement":[{"@type":"ListItem","position":1,"name":"Home","item":"https:\/\/www.etchiboy.com\/en\/"},{"@type":"ListItem","position":2,"name":"BasetradeTV Gaming Slippers"}]},{"@type":"WebSite","@id":"https:\/\/www.etchiboy.com\/en\/#website","url":"https:\/\/www.etchiboy.com\/en\/","name":"Etchiboy M\u00e9tis sash experts","description":"M\u00e9tis sash, voyageur tuques, ceintures fl\u00e9ch\u00e9es and many more","potentialAction":[{"@type":"SearchAction","target":{"@type":"EntryPoint","urlTemplate":"https:\/\/www.etchiboy.com\/en\/?s={search_term_string}"},"query-input":"required name=search_term_string"}],"inLanguage":"en-CA"}]}},"_links":{"self":[{"href":"https:\/\/www.etchiboy.com\/en\/wp-json\/wp\/v2\/pages\/1938"}],"collection":[{"href":"https:\/\/www.etchiboy.com\/en\/wp-json\/wp\/v2\/pages"}],"about":[{"href":"https:\/\/www.etchiboy.com\/en\/wp-json\/wp\/v2\/types\/page"}],"author":[{"embeddable":true,"href":"https:\/\/www.etchiboy.com\/en\/wp-json\/wp\/v2\/users\/1"}],"replies":[{"embeddable":true,"href":"https:\/\/www.etchiboy.com\/en\/wp-json\/wp\/v2\/comments?post=1938"}],"version-history":[{"count":10,"href":"https:\/\/www.etchiboy.com\/en\/wp-json\/wp\/v2\/pages\/1938\/revisions"}],"predecessor-version":[{"id":1992,"href":"https:\/\/www.etchiboy.com\/en\/wp-json\/wp\/v2\/pages\/1938\/revisions\/1992"}],"wp:attachment":[{"href":"https:\/\/www.etchiboy.com\/en\/wp-json\/wp\/v2\/media?parent=1938"}],"curies":[{"name":"wp","href":"https:\/\/api.w.org\/{rel}","templated":true}]}}